{"id":1360,"date":"2023-02-11T17:55:42","date_gmt":"2023-02-11T17:55:42","guid":{"rendered":"https:\/\/hali-studio.pt\/?page_id=1360"},"modified":"2025-03-04T17:51:27","modified_gmt":"2025-03-04T17:51:27","slug":"terms-conditions","status":"publish","type":"page","link":"https:\/\/hali-studio.pt\/pt\/terms-conditions\/","title":{"rendered":"Termos &amp; Condi\u00e7\u00f5es"},"content":{"rendered":"<div data-elementor-type=\"wp-page\" data-elementor-id=\"1360\" class=\"elementor elementor-1360\">\n\t\t\t\t\t\t<section class=\"elementor-section elementor-top-section elementor-element elementor-element-8510c8d elementor-section-boxed elementor-section-height-default elementor-section-height-default\" data-id=\"8510c8d\" data-element_type=\"section\" data-settings=\"{&quot;background_background&quot;:&quot;classic&quot;}\">\n\t\t\t\t\t\t<div class=\"elementor-container elementor-column-gap-default\">\n\t\t\t\t\t<div class=\"elementor-column elementor-col-100 elementor-top-column elementor-element elementor-element-42c25d7\" data-id=\"42c25d7\" data-element_type=\"column\">\n\t\t\t<div class=\"elementor-widget-wrap elementor-element-populated\">\n\t\t\t\t\t\t<div class=\"elementor-element elementor-element-636837f elementor-widget-divider--view-line elementor-widget elementor-widget-divider\" data-id=\"636837f\" data-element_type=\"widget\" data-widget_type=\"divider.default\">\n\t\t\t\t<div class=\"elementor-widget-container\">\n\t\t\t\t\t\t\t<div class=\"elementor-divider\">\n\t\t\t<span class=\"elementor-divider-separator\">\n\t\t\t\t\t\t<\/span>\n\t\t<\/div>\n\t\t\t\t\t\t<\/div>\n\t\t\t\t<\/div>\n\t\t\t\t<div class=\"elementor-element elementor-element-31a050f elementor-widget elementor-widget-heading\" data-id=\"31a050f\" data-element_type=\"widget\" data-widget_type=\"heading.default\">\n\t\t\t\t<div class=\"elementor-widget-container\">\n\t\t\t\t\t<h2 class=\"elementor-heading-title elementor-size-default\">Terms &amp; Conditions<\/h2>\t\t\t\t<\/div>\n\t\t\t\t<\/div>\n\t\t\t\t<div class=\"elementor-element elementor-element-7df2dd0 elementor-widget-divider--view-line elementor-widget elementor-widget-divider\" data-id=\"7df2dd0\" data-element_type=\"widget\" data-widget_type=\"divider.default\">\n\t\t\t\t<div class=\"elementor-widget-container\">\n\t\t\t\t\t\t\t<div class=\"elementor-divider\">\n\t\t\t<span class=\"elementor-divider-separator\">\n\t\t\t\t\t\t<\/span>\n\t\t<\/div>\n\t\t\t\t\t\t<\/div>\n\t\t\t\t<\/div>\n\t\t\t\t\t<\/div>\n\t\t<\/div>\n\t\t\t\t\t<\/div>\n\t\t<\/section>\n\t\t\t\t<section class=\"elementor-section elementor-top-section elementor-element elementor-element-9ff2076 elementor-section-boxed elementor-section-height-default elementor-section-height-default\" data-id=\"9ff2076\" data-element_type=\"section\" data-settings=\"{&quot;background_background&quot;:&quot;classic&quot;}\">\n\t\t\t\t\t\t<div class=\"elementor-container elementor-column-gap-default\">\n\t\t\t\t\t<div class=\"elementor-column elementor-col-100 elementor-top-column elementor-element elementor-element-5a8287b\" data-id=\"5a8287b\" data-element_type=\"column\">\n\t\t\t<div class=\"elementor-widget-wrap elementor-element-populated\">\n\t\t\t\t\t\t<div class=\"elementor-element elementor-element-9b41e57 elementor-widget elementor-widget-text-editor\" data-id=\"9b41e57\" data-element_type=\"widget\" data-widget_type=\"text-editor.default\">\n\t\t\t\t<div class=\"elementor-widget-container\">\n\t\t\t\t\t\t\t\t\t<p>DEFINI\u00c7\u00d5ES<\/p><ul><li>Vendedor: In\u00eas Silva Faria (doravante: \u201cHALI Studio\u201d)<ul><li>NIF: PT 234621460<\/li><li>E-mail: <a href=\"mailto:info@hali-studio.pt\">info@hali-studio.pt<\/a><\/li><li>Website: www.hali-studio.pt<\/li><\/ul><\/li><li>Comprador: pessoa f\u00edsica, maior de idade e que n\u00e3o atua no \u00e2mbito do exerc\u00edcio de uma profiss\u00e3o ou de um neg\u00f3cio, com quem o Vendedor celebra um Contrato.<\/li><li>Encomenda: uma encomenda feita pelo Comprador para a entrega de um ou mais produtos.<\/li><li>Produto: um produto HALI Studio que o Vendedor coloca \u00e0 venda no Site.<\/li><li>Pre\u00e7o: o pre\u00e7o indicado no Site para um Produto, incluindo o IVA e excluindo os custos de envio, a menos que o pedido ultrapasse o valor designado para envio gratuito.<\/li><li>Contrato: a encomenda, que foi aceite pelo Vendedor.<\/li><\/ul><p>\u00a0ENVIOS<\/p><ul><li>As encomendas s\u00e3o expedidas no dia \u00fatil seguinte \u00e0 sua realiza\u00e7\u00e3o. Em \u00e9pocas de maior fluxo, \u00e9 poss\u00edvel que exista um atraso no envio da encomenda, nunca ultrapassando os tr\u00eas dias \u00fateis.<\/li><li>O tempo de envio depende do local para onde \u00e9 enviado, mas \u00e9 poss\u00edvel dar uma estimativa.<ul><li style=\"list-style-type: none;\"><ul><li>Portugal e Espanha: 1 a 2 dias \u00fateis<\/li><li>Madeira, S\u00e3o Miguel, Terceira e Faial: 2 a 3 dias \u00fateis<\/li><li>Santa Maria, Corvo, Pico, S\u00e3o Jorge, Graciosa, Flores e Porto Santo: 4 a 5<\/li><li>Uni\u00e3o Europeia: 3 a 4 dias \u00fateis<\/li><li>Resto do mundo: 3 a 9 dias \u00fateis<\/li><\/ul><\/li><\/ul><\/li><\/ul><p>M\u00c9TODOS DE PAGAMENTO<\/p><ul><li>Aceitamos pagamentos Visa, MasterCard, American Express ou Paypal. Para Portugal tamb\u00e9m temos sistema de refer\u00eancia banc\u00e1ria e MBway.<\/li><\/ul><p>ALF\u00c2NDEGAS, OBRIGA\u00c7\u00d5ES E IMPOSTOS<\/p><ul><li>Os compradores s\u00e3o respons\u00e1veis por quaisquer impostos alfandeg\u00e1rios e de importa\u00e7\u00e3o que possam ser aplicados. A HALI Studio n\u00e3o se responsabiliza por atrasos devidos \u00e0 alf\u00e2ndega.<\/li><\/ul><p>DEVOLU\u00c7\u00d5ES<\/p><ul><li>Para qualquer devolu\u00e7\u00e3o contacte-nos no prazo de 14 dias ap\u00f3s a chegada da sua encomenda. Todas as devolu\u00e7\u00f5es devem ser n\u00e3o usadas, n\u00e3o lavadas e n\u00e3o danificadas, se o produto apresentar sinais de desgaste, lavado ou danificado, temos o direito de n\u00e3o reembolsar a devolu\u00e7\u00e3o.<\/li><li>Os clientes s\u00e3o respons\u00e1veis por suportar os custos da devolu\u00e7\u00e3o do(s) item(ns), exceto quando o produto chega danificado. O produto deve ser devolvido nas mesmas condi\u00e7\u00f5es em que foi entregue, com n\u00famero de rastreamento e\/ou entrega assinada, pois a HALI Studio n\u00e3o se responsabiliza por devolu\u00e7\u00f5es perdidas.<\/li><li>O reembolso do pre\u00e7o do produto (excluindo quaisquer custos de envio) ser\u00e1 processado at\u00e9 tr\u00eas semanas \u00fateis ap\u00f3s a aceita\u00e7\u00e3o da devolu\u00e7\u00e3o, n\u00e3o nos responsabilizamos por nenhum imposto aplicado a uma transa\u00e7\u00e3o do banco do cliente.<\/li><li>Caso o produto esteja danificado a devolu\u00e7\u00e3o \u00e9 gratuita, por outros motivos os custos de transporte ficam a cargo do cliente. Para devolver um produto, envia e mail para info@hali-studio.pt com o assunto \u201cDevolu\u00e7\u00e3o Encomenda #1001\u201d e certifica-te de escrever o motivo no texto do e-mail.<\/li><\/ul><p>RECLAMA\u00c7\u00d5ES<\/p><ul><li>Os detalhes de contato do Vendedor e de terceiros que o Vendedor contratou para lidar com reclama\u00e7\u00f5es podem ser encontrados clicando no bot\u00e3o 'Contato' no Site.<\/li><li>O Comprador ser\u00e1 obrigado a inspecionar o Produto quando este for entregue e notificar o Vendedor dentro de um prazo razo\u00e1vel no caso de haver defeitos vis\u00edveis ou outras reclama\u00e7\u00f5es relacionadas ao cumprimento do Contrato. Tais reclama\u00e7\u00f5es devem ser apresentadas por escrito e devem ser completa e claramente fundamentadas.<\/li><li>O Vendedor responder\u00e1 a quaisquer reclama\u00e7\u00f5es que receber no prazo de 7 dias ap\u00f3s o recebimento.<\/li><li>O Comprador reconhece que: pequenas incongru\u00eancias, geralmente considerados aceit\u00e1veis \u200b\u200bem rela\u00e7\u00e3o \u00e0 qualidade, tamanho, cor, acabamento, etc. dos Produtos n\u00e3o podem ser evitados ou s\u00e3o dif\u00edceis de evitar e n\u00e3o constituem uma raz\u00e3o fundamentada para apresentar uma reclama\u00e7\u00e3o.<\/li><li>Embora fa\u00e7amos todos os esfor\u00e7os para descrever e fotografar nossos produtos com a maior precis\u00e3o poss\u00edvel, n\u00e3o podemos fornecer garantias de que as cores dos produtos em nosso site s\u00e3o precisas ou que os produtos exibidos ser\u00e3o adequados para a finalidade pretendida. N\u00e3o nos responsabilizamos por reclama\u00e7\u00f5es decorrentes de diferen\u00e7as nas descri\u00e7\u00f5es, tamanhos ou cores do produto exibido ou adquirido atrav\u00e9s deste site.<\/li><li>Por favor, envia-nos um e-mail para info@hali-studio.pt com o assunto \u201cEncomenda Danificada #1001\u201d com fotografias e detalhes do produto danificado.\u00a0<\/li><\/ul><p>SEGURAN\u00c7A<\/p><ul><li>Esta loja criptografa automaticamente as suas informa\u00e7\u00f5es confidenciais usando o protocolo Secure Sockets Layer (SSL).<\/li><\/ul><p>POL\u00cdTICA DE PRIVACIDADE<\/p><ul><li>Informa\u00e7\u00e3o pessoal que recolhemos<ul><li>Quando visitam o site HALI Studio, coletamos automaticamente determinadas informa\u00e7\u00f5es sobre o dispositivo, incluindo informa\u00e7\u00f5es sobre o navegador web, endere\u00e7o IP, fuso hor\u00e1rio e alguns dos cookies instalados no dispositivo. Al\u00e9m disso, \u00e0 medida que navegam no site, coletamos informa\u00e7\u00f5es sobre as p\u00e1ginas ou produtos individuais que visualizam, quais sites ou termos de pesquisa o encaminharam para o site e informa\u00e7\u00f5es sobre como interage com o site. Referimo-nos a essas informa\u00e7\u00f5es coletadas automaticamente como \u201cInforma\u00e7\u00f5es do Dispositivo\u201d.<\/li><li>Al\u00e9m disso, quando faz uma compra ou tenta fazer uma compra atrav\u00e9s do nosso site, coletamos certas informa\u00e7\u00f5es suas, incluindo nome, endere\u00e7o fiscal, endere\u00e7o para entrega, informa\u00e7\u00f5es de pagamento (incluindo n\u00fameros de cart\u00e3o de cr\u00e9dito), endere\u00e7o de e-mail e n\u00famero de telefone. Referimo-nos a essas informa\u00e7\u00f5es como \u201cInforma\u00e7\u00f5es de Encomenda\u201d.<\/li><li>Quando falamos sobre \u201cInforma\u00e7\u00f5es Pessoais\u201d nesta Pol\u00edtica de Privacidade, estamos falando tanto de Informa\u00e7\u00f5es do Dispositivo quanto das Informa\u00e7\u00f5es de Encomenda.<\/li><\/ul><\/li><li>Como usamos as informa\u00e7\u00f5es pessoais recolhidas?<ul><li>Usamos as Informa\u00e7\u00f5es de Encomenda que coletamos geralmente para atender a quaisquer pedidos feitos atrav\u00e9s do site (incluindo processar as informa\u00e7\u00f5es de pagamento, providenciar o envio e fornecer faturas e\/ou confirma\u00e7\u00f5es das encomendas). Al\u00e9m disso, usamos essas Informa\u00e7\u00f5es de Encomenda para:<ul><li>- Comunicar com os nossos clientes;<\/li><li>- Triagem das nossas encomendas para an\u00e1lise de potencial risco ou fraude;<\/li><li>- Quando de acordo com as prefer\u00eancias que compartilhou, fornecer informa\u00e7\u00f5es ou publicidade relacionadas aos nossos produtos ou servi\u00e7os.<\/li><\/ul><\/li><li>Usamos as Informa\u00e7\u00f5es do Dispositivo para nos ajudar a rastrear poss\u00edveis riscos de fraudes (em particular, seu endere\u00e7o IP) e, de maneira mais geral, para melhorar e otimizar nosso site (por exemplo, gerando an\u00e1lises sobre como os nossos clientes navegam e interagem com o site e para avaliar o sucesso das nossas campanhas de marketing e publicidade).<\/li><\/ul><\/li><li>Partilha das informa\u00e7\u00f5es pessoais<ul><li>Compartilhamos as Informa\u00e7\u00f5es Pessoais com terceiros para nos ajudar a melhorar a experi\u00eancia de compra, conforme descrito acima. Usamos o Google Analytics para nos ajudar a entender como os nossos clientes usam o Site - pode ler mais sobre como o Google usa as informa\u00e7\u00f5es pessoais aqui: <a href=\"https:\/\/www.google.com\/intl\/en\/policies\/privacy\/\">https:\/\/www.google.com\/intl\/en\/policies\/privacy\/<\/a> Tamb\u00e9m pode desativar o Google Analytics aqui: <a href=\"https:\/\/tools.google.com\/dlpage\/gaoptout\">https:\/\/tools.google.com\/dlpage\/gaoptout<\/a><\/li><li>Por fim, tamb\u00e9m podemos compartilhar Informa\u00e7\u00f5es Pessoais para cumprir as leis e regulamentos aplic\u00e1veis, para responder a uma intima\u00e7\u00e3o, mandado de busca ou outra solicita\u00e7\u00e3o legal de informa\u00e7\u00f5es que recebemos ou para proteger os nossos direitos.<\/li><\/ul><\/li><\/ul><p>DIREITOS<\/p><ul><li style=\"list-style-type: none;\"><ul><li>Se \u00e9 um residente europeu, tem o direito de aceder \u00e0s informa\u00e7\u00f5es pessoais que mantemos sobre si e solicitar que as suas informa\u00e7\u00f5es pessoais sejam corrigidas, atualizadas ou exclu\u00eddas. Se deseja exercer esse direito, entre em contato connosco atrav\u00e9s das informa\u00e7\u00f5es de contacto abaixo.<\/li><li>Al\u00e9m disso, se for um residente europeu, notamos que utilizamos as informa\u00e7\u00f5es para cumprir contratos que possamos ter (por exemplo, se fizer um pedido atrav\u00e9s do Site).<\/li><\/ul><\/li><\/ul><p>MENORES<\/p><ul><li style=\"list-style-type: none;\"><ul><li>O Site n\u00e3o se destina a indiv\u00edduos menores de 18 anos.<\/li><\/ul><\/li><\/ul><p>CONTACTA-NOS<\/p><p>For more information about our privacy practices, if you have questions, or if you would like to file a complaint, please contact us by e-mail at info@hali-studio.pt<\/p>\t\t\t\t\t\t\t\t<\/div>\n\t\t\t\t<\/div>\n\t\t\t\t\t<\/div>\n\t\t<\/div>\n\t\t\t\t\t<\/div>\n\t\t<\/section>\n\t\t\t\t<\/div>","protected":false},"excerpt":{"rendered":"<p>Terms &#038; Conditions DEFINITIONS Seller: In\u00eas Silva Faria (hereinafter: \u201cHALI Studio\u201d) VAT (Portugal): PT 234621460 E-mail: info@hali-studio.pt Website: www.hali-studio.pt Buyer: an individual, of legal age, not acting in the exercise of a profession or business, with whom the Seller enters into a Contract. Order: an order placed by the Buyer for the delivery of one [&hellip;]<\/p>","protected":false},"author":1,"featured_media":0,"parent":0,"menu_order":0,"comment_status":"closed","ping_status":"closed","template":"","meta":{"site-sidebar-layout":"no-sidebar","site-content-layout":"page-builder","ast-site-content-layout":"","site-content-style":"default","site-sidebar-style":"default","ast-global-header-display":"","ast-banner-title-visibility":"","ast-main-header-display":"","ast-hfb-above-header-display":"","ast-hfb-below-header-display":"","ast-hfb-mobile-header-display":"","site-post-title":"disabled","ast-breadcrumbs-content":"","ast-featured-img":"disabled","footer-sml-layout":"","theme-transparent-header-meta":"","adv-header-id-meta":"","stick-header-meta":"","header-above-stick-meta":"","header-main-stick-meta":"","header-below-stick-meta":"","astra-migrate-meta-layouts":"default","ast-page-background-enabled":"default","ast-page-background-meta":{"desktop":{"background-color":"","background-image":"","background-repeat":"repeat","background-position":"center center","background-size":"auto","background-attachment":"scroll","background-type":"","background-media":"","overlay-type":"","overlay-color":"","overlay-opacity":"","overlay-gradient":""},"tablet":{"background-color":"","background-image":"","background-repeat":"repeat","background-position":"center center","background-size":"auto","background-attachment":"scroll","background-type":"","background-media":"","overlay-type":"","overlay-color":"","overlay-opacity":"","overlay-gradient":""},"mobile":{"background-color":"","background-image":"","background-repeat":"repeat","background-position":"center center","background-size":"auto","background-attachment":"scroll","background-type":"","background-media":"","overlay-type":"","overlay-color":"","overlay-opacity":"","overlay-gradient":""}},"ast-content-background-meta":{"desktop":{"background-color":"var(--ast-global-color-5)","background-image":"","background-repeat":"repeat","background-position":"center center","background-size":"auto","background-attachment":"scroll","background-type":"","background-media":"","overlay-type":"","overlay-color":"","overlay-opacity":"","overlay-gradient":""},"tablet":{"background-color":"var(--ast-global-color-5)","background-image":"","background-repeat":"repeat","background-position":"center center","background-size":"auto","background-attachment":"scroll","background-type":"","background-media":"","overlay-type":"","overlay-color":"","overlay-opacity":"","overlay-gradient":""},"mobile":{"background-color":"var(--ast-global-color-5)","background-image":"","background-repeat":"repeat","background-position":"center center","background-size":"auto","background-attachment":"scroll","background-type":"","background-media":"","overlay-type":"","overlay-color":"","overlay-opacity":"","overlay-gradient":""}},"footnotes":""},"class_list":["post-1360","page","type-page","status-publish","hentry"],"yoast_head":"<!-- This site is optimized with the Yoast SEO plugin v26.6 - https:\/\/yoast.com\/wordpress\/plugins\/seo\/ -->\n<title>Terms &amp; Conditions - Hali Studio - ethical and sustainable fashion<\/title>\n<meta name=\"robots\" content=\"index, follow, max-snippet:-1, max-image-preview:large, max-video-preview:-1\" \/>\n<link rel=\"canonical\" href=\"https:\/\/hali-studio.pt\/pt\/terms-conditions\/\" \/>\n<meta property=\"og:locale\" content=\"pt_PT\" \/>\n<meta property=\"og:type\" content=\"article\" \/>\n<meta property=\"og:title\" content=\"Terms &amp; Conditions - Hali Studio - ethical and sustainable fashion\" \/>\n<meta property=\"og:description\" content=\"Terms &#038; Conditions DEFINITIONS Seller: In\u00eas Silva Faria (hereinafter: \u201cHALI Studio\u201d) VAT (Portugal): PT 234621460 E-mail: info@hali-studio.pt Website: www.hali-studio.pt Buyer: an individual, of legal age, not acting in the exercise of a profession or business, with whom the Seller enters into a Contract. Order: an order placed by the Buyer for the delivery of one [&hellip;]\" \/>\n<meta property=\"og:url\" content=\"https:\/\/hali-studio.pt\/pt\/terms-conditions\/\" \/>\n<meta property=\"og:site_name\" content=\"Hali Studio - ethical and sustainable fashion\" \/>\n<meta property=\"article:publisher\" content=\"https:\/\/www.facebook.com\/halistudio.pt\/\" \/>\n<meta property=\"article:modified_time\" content=\"2025-03-04T17:51:27+00:00\" \/>\n<meta property=\"og:image\" content=\"https:\/\/hali-studio.pt\/wp-content\/uploads\/2023\/03\/Logosmall-e1679167286497.png\" \/>\n\t<meta property=\"og:image:width\" content=\"300\" \/>\n\t<meta property=\"og:image:height\" content=\"147\" \/>\n\t<meta property=\"og:image:type\" content=\"image\/png\" \/>\n<meta name=\"twitter:card\" content=\"summary_large_image\" \/>\n<meta name=\"twitter:label1\" content=\"Tempo estimado de leitura\" \/>\n\t<meta name=\"twitter:data1\" content=\"6 minutos\" \/>\n<script type=\"application\/ld+json\" class=\"yoast-schema-graph\">{\"@context\":\"https:\/\/schema.org\",\"@graph\":[{\"@type\":\"WebPage\",\"@id\":\"https:\/\/hali-studio.pt\/terms-conditions\/\",\"url\":\"https:\/\/hali-studio.pt\/terms-conditions\/\",\"name\":\"Terms & Conditions - Hali Studio - ethical and sustainable fashion\",\"isPartOf\":{\"@id\":\"https:\/\/hali-studio.pt\/#website\"},\"datePublished\":\"2023-02-11T17:55:42+00:00\",\"dateModified\":\"2025-03-04T17:51:27+00:00\",\"breadcrumb\":{\"@id\":\"https:\/\/hali-studio.pt\/terms-conditions\/#breadcrumb\"},\"inLanguage\":\"pt-PT\",\"potentialAction\":[{\"@type\":\"ReadAction\",\"target\":[\"https:\/\/hali-studio.pt\/terms-conditions\/\"]}]},{\"@type\":\"BreadcrumbList\",\"@id\":\"https:\/\/hali-studio.pt\/terms-conditions\/#breadcrumb\",\"itemListElement\":[{\"@type\":\"ListItem\",\"position\":1,\"name\":\"Home\",\"item\":\"https:\/\/hali-studio.pt\/\"},{\"@type\":\"ListItem\",\"position\":2,\"name\":\"Terms &#038; Conditions\"}]},{\"@type\":\"WebSite\",\"@id\":\"https:\/\/hali-studio.pt\/#website\",\"url\":\"https:\/\/hali-studio.pt\/\",\"name\":\"Hali Studio\",\"description\":\"ethical and sustainable fashion\",\"publisher\":{\"@id\":\"https:\/\/hali-studio.pt\/#organization\"},\"alternateName\":\"hali\",\"potentialAction\":[{\"@type\":\"SearchAction\",\"target\":{\"@type\":\"EntryPoint\",\"urlTemplate\":\"https:\/\/hali-studio.pt\/?s={search_term_string}\"},\"query-input\":{\"@type\":\"PropertyValueSpecification\",\"valueRequired\":true,\"valueName\":\"search_term_string\"}}],\"inLanguage\":\"pt-PT\"},{\"@type\":\"Organization\",\"@id\":\"https:\/\/hali-studio.pt\/#organization\",\"name\":\"Hali Studio\",\"alternateName\":\"hali\",\"url\":\"https:\/\/hali-studio.pt\/\",\"logo\":{\"@type\":\"ImageObject\",\"inLanguage\":\"pt-PT\",\"@id\":\"https:\/\/hali-studio.pt\/#\/schema\/logo\/image\/\",\"url\":\"https:\/\/hali-studio.pt\/wp-content\/uploads\/2022\/10\/Logo.png\",\"contentUrl\":\"https:\/\/hali-studio.pt\/wp-content\/uploads\/2022\/10\/Logo.png\",\"width\":835,\"height\":409,\"caption\":\"Hali Studio\"},\"image\":{\"@id\":\"https:\/\/hali-studio.pt\/#\/schema\/logo\/image\/\"},\"sameAs\":[\"https:\/\/www.facebook.com\/halistudio.pt\/\",\"https:\/\/www.instagram.com\/halistudio.pt\/\"]}]}<\/script>\n<!-- \/ Yoast SEO plugin. -->","yoast_head_json":{"title":"Terms & Conditions - Hali Studio - ethical and sustainable fashion","robots":{"index":"index","follow":"follow","max-snippet":"max-snippet:-1","max-image-preview":"max-image-preview:large","max-video-preview":"max-video-preview:-1"},"canonical":"https:\/\/hali-studio.pt\/pt\/terms-conditions\/","og_locale":"pt_PT","og_type":"article","og_title":"Terms & Conditions - Hali Studio - ethical and sustainable fashion","og_description":"Terms &#038; Conditions DEFINITIONS Seller: In\u00eas Silva Faria (hereinafter: \u201cHALI Studio\u201d) VAT (Portugal): PT 234621460 E-mail: info@hali-studio.pt Website: www.hali-studio.pt Buyer: an individual, of legal age, not acting in the exercise of a profession or business, with whom the Seller enters into a Contract. Order: an order placed by the Buyer for the delivery of one [&hellip;]","og_url":"https:\/\/hali-studio.pt\/pt\/terms-conditions\/","og_site_name":"Hali Studio - ethical and sustainable fashion","article_publisher":"https:\/\/www.facebook.com\/halistudio.pt\/","article_modified_time":"2025-03-04T17:51:27+00:00","og_image":[{"width":300,"height":147,"url":"https:\/\/hali-studio.pt\/wp-content\/uploads\/2023\/03\/Logosmall-e1679167286497.png","type":"image\/png"}],"twitter_card":"summary_large_image","twitter_misc":{"Tempo estimado de leitura":"6 minutos"},"schema":{"@context":"https:\/\/schema.org","@graph":[{"@type":"WebPage","@id":"https:\/\/hali-studio.pt\/terms-conditions\/","url":"https:\/\/hali-studio.pt\/terms-conditions\/","name":"Terms & Conditions - Hali Studio - ethical and sustainable fashion","isPartOf":{"@id":"https:\/\/hali-studio.pt\/#website"},"datePublished":"2023-02-11T17:55:42+00:00","dateModified":"2025-03-04T17:51:27+00:00","breadcrumb":{"@id":"https:\/\/hali-studio.pt\/terms-conditions\/#breadcrumb"},"inLanguage":"pt-PT","potentialAction":[{"@type":"ReadAction","target":["https:\/\/hali-studio.pt\/terms-conditions\/"]}]},{"@type":"BreadcrumbList","@id":"https:\/\/hali-studio.pt\/terms-conditions\/#breadcrumb","itemListElement":[{"@type":"ListItem","position":1,"name":"Home","item":"https:\/\/hali-studio.pt\/"},{"@type":"ListItem","position":2,"name":"Terms &#038; Conditions"}]},{"@type":"WebSite","@id":"https:\/\/hali-studio.pt\/#website","url":"https:\/\/hali-studio.pt\/","name":"Hali Studio","description":"ethical and sustainable fashion","publisher":{"@id":"https:\/\/hali-studio.pt\/#organization"},"alternateName":"hali","potentialAction":[{"@type":"SearchAction","target":{"@type":"EntryPoint","urlTemplate":"https:\/\/hali-studio.pt\/?s={search_term_string}"},"query-input":{"@type":"PropertyValueSpecification","valueRequired":true,"valueName":"search_term_string"}}],"inLanguage":"pt-PT"},{"@type":"Organization","@id":"https:\/\/hali-studio.pt\/#organization","name":"Hali Studio","alternateName":"hali","url":"https:\/\/hali-studio.pt\/","logo":{"@type":"ImageObject","inLanguage":"pt-PT","@id":"https:\/\/hali-studio.pt\/#\/schema\/logo\/image\/","url":"https:\/\/hali-studio.pt\/wp-content\/uploads\/2022\/10\/Logo.png","contentUrl":"https:\/\/hali-studio.pt\/wp-content\/uploads\/2022\/10\/Logo.png","width":835,"height":409,"caption":"Hali Studio"},"image":{"@id":"https:\/\/hali-studio.pt\/#\/schema\/logo\/image\/"},"sameAs":["https:\/\/www.facebook.com\/halistudio.pt\/","https:\/\/www.instagram.com\/halistudio.pt\/"]}]}},"jetpack_sharing_enabled":true,"rttpg_featured_image_url":null,"rttpg_author":{"display_name":"In\u00eas Faria","author_link":"https:\/\/hali-studio.pt\/pt\/author\/ines-faria\/"},"rttpg_comment":0,"rttpg_category":null,"rttpg_excerpt":"Terms &#038; Conditions DEFINITIONS Seller: In\u00eas Silva Faria (hereinafter: \u201cHALI Studio\u201d) VAT (Portugal): PT 234621460 E-mail: info@hali-studio.pt Website: www.hali-studio.pt Buyer: an individual, of legal age, not acting in the exercise of a profession or business, with whom the Seller enters into a Contract. Order: an order placed by the Buyer for the delivery of one&hellip;","_links":{"self":[{"href":"https:\/\/hali-studio.pt\/pt\/wp-json\/wp\/v2\/pages\/1360","targetHints":{"allow":["GET"]}}],"collection":[{"href":"https:\/\/hali-studio.pt\/pt\/wp-json\/wp\/v2\/pages"}],"about":[{"href":"https:\/\/hali-studio.pt\/pt\/wp-json\/wp\/v2\/types\/page"}],"author":[{"embeddable":true,"href":"https:\/\/hali-studio.pt\/pt\/wp-json\/wp\/v2\/users\/1"}],"replies":[{"embeddable":true,"href":"https:\/\/hali-studio.pt\/pt\/wp-json\/wp\/v2\/comments?post=1360"}],"version-history":[{"count":28,"href":"https:\/\/hali-studio.pt\/pt\/wp-json\/wp\/v2\/pages\/1360\/revisions"}],"predecessor-version":[{"id":3453,"href":"https:\/\/hali-studio.pt\/pt\/wp-json\/wp\/v2\/pages\/1360\/revisions\/3453"}],"wp:attachment":[{"href":"https:\/\/hali-studio.pt\/pt\/wp-json\/wp\/v2\/media?parent=1360"}],"curies":[{"name":"wp","href":"https:\/\/api.w.org\/{rel}","templated":true}]}}