{"id":1361,"date":"2023-02-11T17:55:42","date_gmt":"2023-02-11T17:55:42","guid":{"rendered":"https:\/\/hali-studio.pt\/?page_id=1361"},"modified":"2023-02-21T01:21:05","modified_gmt":"2023-02-21T01:21:05","slug":"shipping-returns","status":"publish","type":"page","link":"https:\/\/hali-studio.pt\/pt\/shipping-returns\/","title":{"rendered":"Envios &amp; Devolu\u00e7\u00f5es"},"content":{"rendered":"<div data-elementor-type=\"wp-page\" data-elementor-id=\"1361\" class=\"elementor elementor-1361\">\n\t\t\t\t\t\t<section class=\"elementor-section elementor-top-section elementor-element elementor-element-446b99a elementor-section-boxed elementor-section-height-default elementor-section-height-default\" data-id=\"446b99a\" data-element_type=\"section\" data-settings=\"{&quot;background_background&quot;:&quot;classic&quot;}\">\n\t\t\t\t\t\t<div class=\"elementor-container elementor-column-gap-default\">\n\t\t\t\t\t<div class=\"elementor-column elementor-col-100 elementor-top-column elementor-element elementor-element-ad9549a\" data-id=\"ad9549a\" data-element_type=\"column\">\n\t\t\t<div class=\"elementor-widget-wrap elementor-element-populated\">\n\t\t\t\t\t\t<div class=\"elementor-element elementor-element-131daf0 elementor-widget-divider--view-line elementor-widget elementor-widget-divider\" data-id=\"131daf0\" data-element_type=\"widget\" data-widget_type=\"divider.default\">\n\t\t\t\t<div class=\"elementor-widget-container\">\n\t\t\t\t\t\t\t<div class=\"elementor-divider\">\n\t\t\t<span class=\"elementor-divider-separator\">\n\t\t\t\t\t\t<\/span>\n\t\t<\/div>\n\t\t\t\t\t\t<\/div>\n\t\t\t\t<\/div>\n\t\t\t\t\t<\/div>\n\t\t<\/div>\n\t\t\t\t\t<\/div>\n\t\t<\/section>\n\t\t\t\t<section class=\"elementor-section elementor-top-section elementor-element elementor-element-4596568 elementor-section-boxed elementor-section-height-default elementor-section-height-default\" data-id=\"4596568\" data-element_type=\"section\" data-settings=\"{&quot;background_background&quot;:&quot;classic&quot;}\">\n\t\t\t\t\t\t<div class=\"elementor-container elementor-column-gap-default\">\n\t\t\t\t\t<div class=\"elementor-column elementor-col-100 elementor-top-column elementor-element elementor-element-59600f3\" data-id=\"59600f3\" data-element_type=\"column\">\n\t\t\t<div class=\"elementor-widget-wrap elementor-element-populated\">\n\t\t\t\t\t\t<div class=\"elementor-element elementor-element-5d61c0b elementor-widget elementor-widget-heading\" data-id=\"5d61c0b\" data-element_type=\"widget\" data-widget_type=\"heading.default\">\n\t\t\t\t<div class=\"elementor-widget-container\">\n\t\t\t\t\t<h2 class=\"elementor-heading-title elementor-size-default\">Envios &amp; Devolu\u00e7\u00f5es<\/h2>\t\t\t\t<\/div>\n\t\t\t\t<\/div>\n\t\t\t\t\t<\/div>\n\t\t<\/div>\n\t\t\t\t\t<\/div>\n\t\t<\/section>\n\t\t\t\t<section class=\"elementor-section elementor-top-section elementor-element elementor-element-3efcc67 elementor-section-boxed elementor-section-height-default elementor-section-height-default\" data-id=\"3efcc67\" data-element_type=\"section\" data-settings=\"{&quot;background_background&quot;:&quot;classic&quot;}\">\n\t\t\t\t\t\t<div class=\"elementor-container elementor-column-gap-default\">\n\t\t\t\t\t<div class=\"elementor-column elementor-col-100 elementor-top-column elementor-element elementor-element-cd925fd\" data-id=\"cd925fd\" data-element_type=\"column\">\n\t\t\t<div class=\"elementor-widget-wrap elementor-element-populated\">\n\t\t\t\t\t\t<div class=\"elementor-element elementor-element-a1c0767 elementor-widget-divider--view-line elementor-widget elementor-widget-divider\" data-id=\"a1c0767\" data-element_type=\"widget\" data-widget_type=\"divider.default\">\n\t\t\t\t<div class=\"elementor-widget-container\">\n\t\t\t\t\t\t\t<div class=\"elementor-divider\">\n\t\t\t<span class=\"elementor-divider-separator\">\n\t\t\t\t\t\t<\/span>\n\t\t<\/div>\n\t\t\t\t\t\t<\/div>\n\t\t\t\t<\/div>\n\t\t\t\t\t<\/div>\n\t\t<\/div>\n\t\t\t\t\t<\/div>\n\t\t<\/section>\n\t\t\t\t<section class=\"elementor-section elementor-top-section elementor-element elementor-element-eff2319 elementor-section-boxed elementor-section-height-default elementor-section-height-default\" data-id=\"eff2319\" data-element_type=\"section\" data-settings=\"{&quot;background_background&quot;:&quot;classic&quot;}\">\n\t\t\t\t\t\t<div class=\"elementor-container elementor-column-gap-default\">\n\t\t\t\t\t<div class=\"elementor-column elementor-col-100 elementor-top-column elementor-element elementor-element-b8af0e0\" data-id=\"b8af0e0\" data-element_type=\"column\">\n\t\t\t<div class=\"elementor-widget-wrap elementor-element-populated\">\n\t\t\t\t\t\t<div class=\"elementor-element elementor-element-f683633 elementor-widget elementor-widget-text-editor\" data-id=\"f683633\" data-element_type=\"widget\" data-widget_type=\"text-editor.default\">\n\t\t\t\t<div class=\"elementor-widget-container\">\n\t\t\t\t\t\t\t\t\t<p>ENVIOS<\/p><ul><li>Enviamos as nossas pe\u00e7as para o mundo inteiro. As encomendas s\u00e3o expedidas no dia \u00fatil seguinte \u00e0 sua realiza\u00e7\u00e3o. Em \u00e9pocas de maior fluxo, \u00e9 poss\u00edvel que exista um atraso no envio da encomenda, nunca ultrapassando os tr\u00eas dias \u00fateis.<\/li><li>Os custos de envio variam de acordo com o pa\u00eds.<ul><li style=\"list-style-type: none;\"><ul><li>Portugal: 4,95\u20ac<\/li><li>Madeira e A\u00e7ores: 12\u20ac<\/li><li>Uni\u00e3o Europeia: at\u00e9 500g \u2013 8\u20ac | 500g a 2kg \u2013 12\u20ac<\/li><li>Estados Unidos da Am\u00e9rica e Reino Unido: at\u00e9 500g \u2013 13\u20ac | 500g a 2kg \u2013 21\u20ac<\/li><li>Resto do mundo: at\u00e9 500g \u2013 13\u20ac | 500g a 2kg \u2013 18\u20ac<\/li><\/ul><\/li><\/ul><\/li><li>As encomendas podem ser alteradas ou canceladas at\u00e9 receber um e-mail de confirma\u00e7\u00e3o do envio da parte da HALI Studio. A partir do momento em que o pedido \u00e9 enviado, n\u00e3o \u00e9 poss\u00edvel proceder a altera\u00e7\u00f5es ou cancelamentos da encomenda.<\/li><li>Para cancelar ou modificar uma encomenda, por favor contacte-nos atrav\u00e9s do e-mail info@hali-studio.pt, colocando no assunto do e-mail \u201cAlteration Order #1001\u201d.<\/li><li>Caso tenha a morada errada, por favor contacte-nos o mais rapidamente poss\u00edvel atrav\u00e9s de info@hali-studio.pt, e certifique-se de que o assunto do e-mail inclui algo como \"Alterar Morada Order #1001\u201d. Esta altera\u00e7\u00e3o s\u00f3 ser\u00e1 poss\u00edvel de ser realizada antes do envio da encomenda.<ul><li>O tempo de envio depende do local para onde \u00e9 enviado, mas \u00e9 poss\u00edvel dar uma estimativa.<ul><li style=\"list-style-type: none;\"><ul><li>Portugal e Espanha: 1 a 2 dias \u00fateis<\/li><li>Madeira, S\u00e3o Miguel, Terceira e Faial: 2 a 3 dias \u00fateis<\/li><li>Santa Maria, Corvo, Pico, S\u00e3o Jorge, Graciosa, Flores e Porto Santo: 4 a 5<\/li><li>Uni\u00e3o Europeia: 3 a 4 dias \u00fateis<\/li><li>Resto do mundo: 3 a 9 dias \u00fateis<\/li><\/ul><\/li><\/ul><\/li><\/ul><\/li><\/ul><p>TAXAS<\/p><ul><li>UNI\u00c3O EUROPEIA - Todos os impostos e taxas est\u00e3o inclu\u00eddos, n\u00e3o h\u00e1 cobran\u00e7as adicionais.<\/li><li>FORA DA UNI\u00c3O EUROPEIA - Pode estar sujeito a impostos e taxas de importa\u00e7\u00e3o locais assim que a comenda chegar ao pa\u00eds de destino. N\u00e3o temos controlo sobre essas taxas e n\u00e3o podemos prever quais podem ser - todos os custos adicionais com impostos, taxas e encargos alfandeg\u00e1rios devem ser cobertos pelo cliente.<\/li><\/ul><p>TROCAS E DEVOU\u00c7\u00d5ES<\/p><ul><li>Caso o produto esteja danificado a devolu\u00e7\u00e3o \u00e9 gratuita, por outros motivos os custos de transporte ficam a cargo do cliente. Para devolver um produto, envia e mail para info@hali-studio.pt com o assunto \u201cDevolu\u00e7\u00e3o Encomenda #1001\u201d e certifica-te de escrever o motivo no texto do e-mail.<\/li><li>Por favor, envia-nos um e-mail para info@hali-studio.pt com o assunto \u201cEncomenda Danificada #1001\u201d com fotografias e detalhes do produto danificado.<\/li><li>Para trocar um produto deves enviar um e-mail para info@hali-studio.pt com o assunto \u201cTroca Encomenda #1001\u201d. O custo de envio da troca dos produtos fica a cargo do cliente. Ap\u00f3s agendarmos a recolha dos produtos a serem devolvidos, estes ser\u00e3o recolhidos no dia seguinte, depois de uma avalia\u00e7\u00e3o ao artigo na sua chegada, ser\u00e1 enviado o produto final.<\/li><li>O reembolso pode ser esperado no prazo m\u00e1ximo de 1 m\u00eas a partir do dia em que foi aprovado o reembolso.<\/li><\/ul>\t\t\t\t\t\t\t\t<\/div>\n\t\t\t\t<\/div>\n\t\t\t\t\t<\/div>\n\t\t<\/div>\n\t\t\t\t\t<\/div>\n\t\t<\/section>\n\t\t\t\t<\/div>","protected":false},"excerpt":{"rendered":"<p>Shipping &amp; Returns SHIPPING We ship our products worldwide. The orders are shipped on the next business day after they are placed. In times of higher flow, it is possible that there may be a delay in shipping, never exceeding three business days. Shipping costs vary by country. Portugal: 4,95\u20ac Madeira and Azores archipelagos: 12\u20ac [&hellip;]<\/p>","protected":false},"author":1,"featured_media":0,"parent":0,"menu_order":0,"comment_status":"closed","ping_status":"closed","template":"","meta":{"site-sidebar-layout":"no-sidebar","site-content-layout":"page-builder","ast-site-content-layout":"","site-content-style":"default","site-sidebar-style":"default","ast-global-header-display":"","ast-banner-title-visibility":"","ast-main-header-display":"","ast-hfb-above-header-display":"","ast-hfb-below-header-display":"","ast-hfb-mobile-header-display":"","site-post-title":"disabled","ast-breadcrumbs-content":"","ast-featured-img":"disabled","footer-sml-layout":"","theme-transparent-header-meta":"","adv-header-id-meta":"","stick-header-meta":"","header-above-stick-meta":"","header-main-stick-meta":"","header-below-stick-meta":"","astra-migrate-meta-layouts":"default","ast-page-background-enabled":"default","ast-page-background-meta":{"desktop":{"background-color":"","background-image":"","background-repeat":"repeat","background-position":"center center","background-size":"auto","background-attachment":"scroll","background-type":"","background-media":"","overlay-type":"","overlay-color":"","overlay-opacity":"","overlay-gradient":""},"tablet":{"background-color":"","background-image":"","background-repeat":"repeat","background-position":"center center","background-size":"auto","background-attachment":"scroll","background-type":"","background-media":"","overlay-type":"","overlay-color":"","overlay-opacity":"","overlay-gradient":""},"mobile":{"background-color":"","background-image":"","background-repeat":"repeat","background-position":"center center","background-size":"auto","background-attachment":"scroll","background-type":"","background-media":"","overlay-type":"","overlay-color":"","overlay-opacity":"","overlay-gradient":""}},"ast-content-background-meta":{"desktop":{"background-color":"var(--ast-global-color-5)","background-image":"","background-repeat":"repeat","background-position":"center center","background-size":"auto","background-attachment":"scroll","background-type":"","background-media":"","overlay-type":"","overlay-color":"","overlay-opacity":"","overlay-gradient":""},"tablet":{"background-color":"var(--ast-global-color-5)","background-image":"","background-repeat":"repeat","background-position":"center center","background-size":"auto","background-attachment":"scroll","background-type":"","background-media":"","overlay-type":"","overlay-color":"","overlay-opacity":"","overlay-gradient":""},"mobile":{"background-color":"var(--ast-global-color-5)","background-image":"","background-repeat":"repeat","background-position":"center center","background-size":"auto","background-attachment":"scroll","background-type":"","background-media":"","overlay-type":"","overlay-color":"","overlay-opacity":"","overlay-gradient":""}},"footnotes":""},"class_list":["post-1361","page","type-page","status-publish","hentry"],"yoast_head":"<!-- This site is optimized with the Yoast SEO plugin v26.6 - https:\/\/yoast.com\/wordpress\/plugins\/seo\/ -->\n<title>Shipping &amp; Returns - Hali Studio - ethical and sustainable fashion<\/title>\n<meta name=\"robots\" content=\"index, follow, max-snippet:-1, max-image-preview:large, max-video-preview:-1\" \/>\n<link rel=\"canonical\" href=\"https:\/\/hali-studio.pt\/pt\/shipping-returns\/\" \/>\n<meta property=\"og:locale\" content=\"pt_PT\" \/>\n<meta property=\"og:type\" content=\"article\" \/>\n<meta property=\"og:title\" content=\"Shipping &amp; Returns - Hali Studio - ethical and sustainable fashion\" \/>\n<meta property=\"og:description\" content=\"Shipping &amp; Returns SHIPPING We ship our products worldwide. The orders are shipped on the next business day after they are placed. In times of higher flow, it is possible that there may be a delay in shipping, never exceeding three business days. Shipping costs vary by country. Portugal: 4,95\u20ac Madeira and Azores archipelagos: 12\u20ac [&hellip;]\" \/>\n<meta property=\"og:url\" content=\"https:\/\/hali-studio.pt\/pt\/shipping-returns\/\" \/>\n<meta property=\"og:site_name\" content=\"Hali Studio - ethical and sustainable fashion\" \/>\n<meta property=\"article:publisher\" content=\"https:\/\/www.facebook.com\/halistudio.pt\/\" \/>\n<meta property=\"article:modified_time\" content=\"2023-02-21T01:21:05+00:00\" \/>\n<meta property=\"og:image\" content=\"https:\/\/hali-studio.pt\/wp-content\/uploads\/2023\/03\/Logosmall-e1679167286497.png\" \/>\n\t<meta property=\"og:image:width\" content=\"300\" \/>\n\t<meta property=\"og:image:height\" content=\"147\" \/>\n\t<meta property=\"og:image:type\" content=\"image\/png\" \/>\n<meta name=\"twitter:card\" content=\"summary_large_image\" \/>\n<meta name=\"twitter:label1\" content=\"Tempo estimado de leitura\" \/>\n\t<meta name=\"twitter:data1\" content=\"2 minutos\" \/>\n<script type=\"application\/ld+json\" class=\"yoast-schema-graph\">{\"@context\":\"https:\/\/schema.org\",\"@graph\":[{\"@type\":\"WebPage\",\"@id\":\"https:\/\/hali-studio.pt\/shipping-returns\/\",\"url\":\"https:\/\/hali-studio.pt\/shipping-returns\/\",\"name\":\"Shipping & Returns - Hali Studio - ethical and sustainable fashion\",\"isPartOf\":{\"@id\":\"https:\/\/hali-studio.pt\/#website\"},\"datePublished\":\"2023-02-11T17:55:42+00:00\",\"dateModified\":\"2023-02-21T01:21:05+00:00\",\"breadcrumb\":{\"@id\":\"https:\/\/hali-studio.pt\/shipping-returns\/#breadcrumb\"},\"inLanguage\":\"pt-PT\",\"potentialAction\":[{\"@type\":\"ReadAction\",\"target\":[\"https:\/\/hali-studio.pt\/shipping-returns\/\"]}]},{\"@type\":\"BreadcrumbList\",\"@id\":\"https:\/\/hali-studio.pt\/shipping-returns\/#breadcrumb\",\"itemListElement\":[{\"@type\":\"ListItem\",\"position\":1,\"name\":\"Home\",\"item\":\"https:\/\/hali-studio.pt\/\"},{\"@type\":\"ListItem\",\"position\":2,\"name\":\"Shipping &#038; Returns\"}]},{\"@type\":\"WebSite\",\"@id\":\"https:\/\/hali-studio.pt\/#website\",\"url\":\"https:\/\/hali-studio.pt\/\",\"name\":\"Hali Studio\",\"description\":\"ethical and sustainable fashion\",\"publisher\":{\"@id\":\"https:\/\/hali-studio.pt\/#organization\"},\"alternateName\":\"hali\",\"potentialAction\":[{\"@type\":\"SearchAction\",\"target\":{\"@type\":\"EntryPoint\",\"urlTemplate\":\"https:\/\/hali-studio.pt\/?s={search_term_string}\"},\"query-input\":{\"@type\":\"PropertyValueSpecification\",\"valueRequired\":true,\"valueName\":\"search_term_string\"}}],\"inLanguage\":\"pt-PT\"},{\"@type\":\"Organization\",\"@id\":\"https:\/\/hali-studio.pt\/#organization\",\"name\":\"Hali Studio\",\"alternateName\":\"hali\",\"url\":\"https:\/\/hali-studio.pt\/\",\"logo\":{\"@type\":\"ImageObject\",\"inLanguage\":\"pt-PT\",\"@id\":\"https:\/\/hali-studio.pt\/#\/schema\/logo\/image\/\",\"url\":\"https:\/\/hali-studio.pt\/wp-content\/uploads\/2022\/10\/Logo.png\",\"contentUrl\":\"https:\/\/hali-studio.pt\/wp-content\/uploads\/2022\/10\/Logo.png\",\"width\":835,\"height\":409,\"caption\":\"Hali Studio\"},\"image\":{\"@id\":\"https:\/\/hali-studio.pt\/#\/schema\/logo\/image\/\"},\"sameAs\":[\"https:\/\/www.facebook.com\/halistudio.pt\/\",\"https:\/\/www.instagram.com\/halistudio.pt\/\"]}]}<\/script>\n<!-- \/ Yoast SEO plugin. -->","yoast_head_json":{"title":"Shipping & Returns - Hali Studio - ethical and sustainable fashion","robots":{"index":"index","follow":"follow","max-snippet":"max-snippet:-1","max-image-preview":"max-image-preview:large","max-video-preview":"max-video-preview:-1"},"canonical":"https:\/\/hali-studio.pt\/pt\/shipping-returns\/","og_locale":"pt_PT","og_type":"article","og_title":"Shipping & Returns - Hali Studio - ethical and sustainable fashion","og_description":"Shipping &amp; Returns SHIPPING We ship our products worldwide. The orders are shipped on the next business day after they are placed. In times of higher flow, it is possible that there may be a delay in shipping, never exceeding three business days. Shipping costs vary by country. Portugal: 4,95\u20ac Madeira and Azores archipelagos: 12\u20ac [&hellip;]","og_url":"https:\/\/hali-studio.pt\/pt\/shipping-returns\/","og_site_name":"Hali Studio - ethical and sustainable fashion","article_publisher":"https:\/\/www.facebook.com\/halistudio.pt\/","article_modified_time":"2023-02-21T01:21:05+00:00","og_image":[{"width":300,"height":147,"url":"https:\/\/hali-studio.pt\/wp-content\/uploads\/2023\/03\/Logosmall-e1679167286497.png","type":"image\/png"}],"twitter_card":"summary_large_image","twitter_misc":{"Tempo estimado de leitura":"2 minutos"},"schema":{"@context":"https:\/\/schema.org","@graph":[{"@type":"WebPage","@id":"https:\/\/hali-studio.pt\/shipping-returns\/","url":"https:\/\/hali-studio.pt\/shipping-returns\/","name":"Shipping & Returns - Hali Studio - ethical and sustainable fashion","isPartOf":{"@id":"https:\/\/hali-studio.pt\/#website"},"datePublished":"2023-02-11T17:55:42+00:00","dateModified":"2023-02-21T01:21:05+00:00","breadcrumb":{"@id":"https:\/\/hali-studio.pt\/shipping-returns\/#breadcrumb"},"inLanguage":"pt-PT","potentialAction":[{"@type":"ReadAction","target":["https:\/\/hali-studio.pt\/shipping-returns\/"]}]},{"@type":"BreadcrumbList","@id":"https:\/\/hali-studio.pt\/shipping-returns\/#breadcrumb","itemListElement":[{"@type":"ListItem","position":1,"name":"Home","item":"https:\/\/hali-studio.pt\/"},{"@type":"ListItem","position":2,"name":"Shipping &#038; Returns"}]},{"@type":"WebSite","@id":"https:\/\/hali-studio.pt\/#website","url":"https:\/\/hali-studio.pt\/","name":"Hali Studio","description":"ethical and sustainable fashion","publisher":{"@id":"https:\/\/hali-studio.pt\/#organization"},"alternateName":"hali","potentialAction":[{"@type":"SearchAction","target":{"@type":"EntryPoint","urlTemplate":"https:\/\/hali-studio.pt\/?s={search_term_string}"},"query-input":{"@type":"PropertyValueSpecification","valueRequired":true,"valueName":"search_term_string"}}],"inLanguage":"pt-PT"},{"@type":"Organization","@id":"https:\/\/hali-studio.pt\/#organization","name":"Hali Studio","alternateName":"hali","url":"https:\/\/hali-studio.pt\/","logo":{"@type":"ImageObject","inLanguage":"pt-PT","@id":"https:\/\/hali-studio.pt\/#\/schema\/logo\/image\/","url":"https:\/\/hali-studio.pt\/wp-content\/uploads\/2022\/10\/Logo.png","contentUrl":"https:\/\/hali-studio.pt\/wp-content\/uploads\/2022\/10\/Logo.png","width":835,"height":409,"caption":"Hali Studio"},"image":{"@id":"https:\/\/hali-studio.pt\/#\/schema\/logo\/image\/"},"sameAs":["https:\/\/www.facebook.com\/halistudio.pt\/","https:\/\/www.instagram.com\/halistudio.pt\/"]}]}},"jetpack_sharing_enabled":true,"rttpg_featured_image_url":null,"rttpg_author":{"display_name":"In\u00eas Faria","author_link":"https:\/\/hali-studio.pt\/pt\/author\/ines-faria\/"},"rttpg_comment":0,"rttpg_category":null,"rttpg_excerpt":"Shipping &amp; Returns SHIPPING We ship our products worldwide. The orders are shipped on the next business day after they are placed. In times of higher flow, it is possible that there may be a delay in shipping, never exceeding three business days. Shipping costs vary by country. Portugal: 4,95\u20ac Madeira and Azores archipelagos: 12\u20ac&hellip;","_links":{"self":[{"href":"https:\/\/hali-studio.pt\/pt\/wp-json\/wp\/v2\/pages\/1361","targetHints":{"allow":["GET"]}}],"collection":[{"href":"https:\/\/hali-studio.pt\/pt\/wp-json\/wp\/v2\/pages"}],"about":[{"href":"https:\/\/hali-studio.pt\/pt\/wp-json\/wp\/v2\/types\/page"}],"author":[{"embeddable":true,"href":"https:\/\/hali-studio.pt\/pt\/wp-json\/wp\/v2\/users\/1"}],"replies":[{"embeddable":true,"href":"https:\/\/hali-studio.pt\/pt\/wp-json\/wp\/v2\/comments?post=1361"}],"version-history":[{"count":13,"href":"https:\/\/hali-studio.pt\/pt\/wp-json\/wp\/v2\/pages\/1361\/revisions"}],"predecessor-version":[{"id":1536,"href":"https:\/\/hali-studio.pt\/pt\/wp-json\/wp\/v2\/pages\/1361\/revisions\/1536"}],"wp:attachment":[{"href":"https:\/\/hali-studio.pt\/pt\/wp-json\/wp\/v2\/media?parent=1361"}],"curies":[{"name":"wp","href":"https:\/\/api.w.org\/{rel}","templated":true}]}}