{"id":1673,"date":"2023-02-21T13:03:45","date_gmt":"2023-02-21T13:03:45","guid":{"rendered":"https:\/\/hali-studio.pt\/?page_id=1673"},"modified":"2024-03-03T21:14:23","modified_gmt":"2024-03-03T21:14:23","slug":"transparency","status":"publish","type":"page","link":"https:\/\/hali-studio.pt\/pt\/transparency\/","title":{"rendered":"Transpar\u00eancia"},"content":{"rendered":"<div data-elementor-type=\"wp-page\" data-elementor-id=\"1673\" class=\"elementor elementor-1673\">\n\t\t\t\t\t\t<section class=\"elementor-section elementor-top-section elementor-element elementor-element-d4959ac elementor-section-boxed elementor-section-height-default elementor-section-height-default\" data-id=\"d4959ac\" data-element_type=\"section\" data-settings=\"{&quot;background_background&quot;:&quot;classic&quot;}\">\n\t\t\t\t\t\t<div class=\"elementor-container elementor-column-gap-default\">\n\t\t\t\t\t<div class=\"elementor-column elementor-col-100 elementor-top-column elementor-element elementor-element-7a1f852\" data-id=\"7a1f852\" data-element_type=\"column\">\n\t\t\t<div class=\"elementor-widget-wrap elementor-element-populated\">\n\t\t\t\t\t\t<div class=\"elementor-element elementor-element-78ac959 elementor-widget elementor-widget-spacer\" data-id=\"78ac959\" data-element_type=\"widget\" data-widget_type=\"spacer.default\">\n\t\t\t\t<div class=\"elementor-widget-container\">\n\t\t\t\t\t\t\t<div class=\"elementor-spacer\">\n\t\t\t<div class=\"elementor-spacer-inner\"><\/div>\n\t\t<\/div>\n\t\t\t\t\t\t<\/div>\n\t\t\t\t<\/div>\n\t\t\t\t<div class=\"elementor-element elementor-element-e0770fd elementor-widget elementor-widget-heading\" data-id=\"e0770fd\" data-element_type=\"widget\" data-widget_type=\"heading.default\">\n\t\t\t\t<div class=\"elementor-widget-container\">\n\t\t\t\t\t<h2 class=\"elementor-heading-title elementor-size-default\">Transpar\u00eancia<\/h2>\t\t\t\t<\/div>\n\t\t\t\t<\/div>\n\t\t\t\t<div class=\"elementor-element elementor-element-4493af3 elementor-widget elementor-widget-spacer\" data-id=\"4493af3\" data-element_type=\"widget\" data-widget_type=\"spacer.default\">\n\t\t\t\t<div class=\"elementor-widget-container\">\n\t\t\t\t\t\t\t<div class=\"elementor-spacer\">\n\t\t\t<div class=\"elementor-spacer-inner\"><\/div>\n\t\t<\/div>\n\t\t\t\t\t\t<\/div>\n\t\t\t\t<\/div>\n\t\t\t\t<div class=\"elementor-element elementor-element-82e7ba2 elementor-widget elementor-widget-text-editor\" data-id=\"82e7ba2\" data-element_type=\"widget\" data-widget_type=\"text-editor.default\">\n\t\t\t\t<div class=\"elementor-widget-container\">\n\t\t\t\t\t\t\t\t\t<div class=\"page\" title=\"Page 1\"><div class=\"section\"><div class=\"layoutArea\"><div class=\"column\"><p style=\"text-align: center;\">N\u00e3o queremos apenas ser transparentes sobre o nosso ciclo produtivo, valorizamos a transpar\u00eancia em todas as \u00e1reas da HALI Studio, queremos que nos conhe\u00e7am completamente e que nos acompanhem na nossa jornada.<br \/>Somos mais que n\u00fameros, mas estes s\u00e3o os nossos n\u00fameros. Este \u00e9 o nosso Price Breakdown:<\/p><\/div><\/div><\/div><\/div>\t\t\t\t\t\t\t\t<\/div>\n\t\t\t\t<\/div>\n\t\t\t\t<div class=\"elementor-element elementor-element-ded1cf4 elementor-widget elementor-widget-spacer\" data-id=\"ded1cf4\" data-element_type=\"widget\" data-widget_type=\"spacer.default\">\n\t\t\t\t<div class=\"elementor-widget-container\">\n\t\t\t\t\t\t\t<div class=\"elementor-spacer\">\n\t\t\t<div class=\"elementor-spacer-inner\"><\/div>\n\t\t<\/div>\n\t\t\t\t\t\t<\/div>\n\t\t\t\t<\/div>\n\t\t\t\t\t<\/div>\n\t\t<\/div>\n\t\t\t\t\t<\/div>\n\t\t<\/section>\n\t\t\t\t<section class=\"elementor-section elementor-top-section elementor-element elementor-element-064bfbd elementor-section-boxed elementor-section-height-default elementor-section-height-default\" data-id=\"064bfbd\" data-element_type=\"section\" data-settings=\"{&quot;background_background&quot;:&quot;classic&quot;}\">\n\t\t\t\t\t\t<div class=\"elementor-container elementor-column-gap-default\">\n\t\t\t\t\t<div class=\"elementor-column elementor-col-100 elementor-top-column elementor-element elementor-element-0bb2398\" data-id=\"0bb2398\" data-element_type=\"column\">\n\t\t\t<div class=\"elementor-widget-wrap elementor-element-populated\">\n\t\t\t\t\t\t<div class=\"elementor-element elementor-element-d114b04 elementor-widget elementor-widget-image\" data-id=\"d114b04\" data-element_type=\"widget\" data-widget_type=\"image.default\">\n\t\t\t\t<div class=\"elementor-widget-container\">\n\t\t\t\t\t\t\t\t\t\t\t\t\t\t\t<img loading=\"lazy\" decoding=\"async\" width=\"3079\" height=\"3505\" src=\"https:\/\/hali-studio.pt\/wp-content\/uploads\/2024\/03\/Price-breakdown.png\" class=\"attachment-full size-full wp-image-3287\" alt=\"\" srcset=\"https:\/\/hali-studio.pt\/wp-content\/uploads\/2024\/03\/Price-breakdown.png 3079w, https:\/\/hali-studio.pt\/wp-content\/uploads\/2024\/03\/Price-breakdown-264x300.png 264w, https:\/\/hali-studio.pt\/wp-content\/uploads\/2024\/03\/Price-breakdown-900x1024.png 900w, https:\/\/hali-studio.pt\/wp-content\/uploads\/2024\/03\/Price-breakdown-768x874.png 768w, https:\/\/hali-studio.pt\/wp-content\/uploads\/2024\/03\/Price-breakdown-1349x1536.png 1349w, https:\/\/hali-studio.pt\/wp-content\/uploads\/2024\/03\/Price-breakdown-1799x2048.png 1799w, https:\/\/hali-studio.pt\/wp-content\/uploads\/2024\/03\/Price-breakdown-11x12.png 11w, https:\/\/hali-studio.pt\/wp-content\/uploads\/2024\/03\/Price-breakdown-1320x1503.png 1320w, https:\/\/hali-studio.pt\/wp-content\/uploads\/2024\/03\/Price-breakdown-300x342.png 300w, https:\/\/hali-studio.pt\/wp-content\/uploads\/2024\/03\/Price-breakdown-600x683.png 600w\" sizes=\"auto, (max-width: 3079px) 100vw, 3079px\" \/>\t\t\t\t\t\t\t\t\t\t\t\t\t\t\t<\/div>\n\t\t\t\t<\/div>\n\t\t\t\t<div class=\"elementor-element elementor-element-0f8418e elementor-widget elementor-widget-spacer\" data-id=\"0f8418e\" data-element_type=\"widget\" data-widget_type=\"spacer.default\">\n\t\t\t\t<div class=\"elementor-widget-container\">\n\t\t\t\t\t\t\t<div class=\"elementor-spacer\">\n\t\t\t<div class=\"elementor-spacer-inner\"><\/div>\n\t\t<\/div>\n\t\t\t\t\t\t<\/div>\n\t\t\t\t<\/div>\n\t\t\t\t<div class=\"elementor-element elementor-element-4091080 elementor-widget elementor-widget-text-editor\" data-id=\"4091080\" data-element_type=\"widget\" data-widget_type=\"text-editor.default\">\n\t\t\t\t<div class=\"elementor-widget-container\">\n\t\t\t\t\t\t\t\t\t<p style=\"text-align: center;\">Este \u00e9 um exemplo real de como definimos os nossos pre\u00e7os e os custos associados a cada um dos nossos produtos.<\/p><p style=\"text-align: center;\">Queremos pagar pre\u00e7os justos em toda a cadeia produtiva, permitindo um estilo de vida digno a todos os envolvidos na produ\u00e7\u00e3o das nossas pe\u00e7as. Fazemo-lo por convic\u00e7\u00e3o e n\u00e3o saber\u00edamos fazer de outra forma.<\/p>\t\t\t\t\t\t\t\t<\/div>\n\t\t\t\t<\/div>\n\t\t\t\t<div class=\"elementor-element elementor-element-961e404 elementor-widget elementor-widget-spacer\" data-id=\"961e404\" data-element_type=\"widget\" data-widget_type=\"spacer.default\">\n\t\t\t\t<div class=\"elementor-widget-container\">\n\t\t\t\t\t\t\t<div class=\"elementor-spacer\">\n\t\t\t<div class=\"elementor-spacer-inner\"><\/div>\n\t\t<\/div>\n\t\t\t\t\t\t<\/div>\n\t\t\t\t<\/div>\n\t\t\t\t\t<\/div>\n\t\t<\/div>\n\t\t\t\t\t<\/div>\n\t\t<\/section>\n\t\t\t\t<section class=\"elementor-section elementor-top-section elementor-element elementor-element-87b9afe elementor-section-boxed elementor-section-height-default elementor-section-height-default\" data-id=\"87b9afe\" data-element_type=\"section\" data-settings=\"{&quot;background_background&quot;:&quot;classic&quot;}\">\n\t\t\t\t\t\t<div class=\"elementor-container elementor-column-gap-default\">\n\t\t\t\t\t<div class=\"elementor-column elementor-col-100 elementor-top-column elementor-element elementor-element-a2a1323\" data-id=\"a2a1323\" data-element_type=\"column\">\n\t\t\t<div class=\"elementor-widget-wrap elementor-element-populated\">\n\t\t\t\t\t\t<div class=\"elementor-element elementor-element-bfcd4ff elementor-widget-divider--view-line elementor-widget elementor-widget-divider\" data-id=\"bfcd4ff\" data-element_type=\"widget\" data-widget_type=\"divider.default\">\n\t\t\t\t<div class=\"elementor-widget-container\">\n\t\t\t\t\t\t\t<div class=\"elementor-divider\">\n\t\t\t<span class=\"elementor-divider-separator\">\n\t\t\t\t\t\t<\/span>\n\t\t<\/div>\n\t\t\t\t\t\t<\/div>\n\t\t\t\t<\/div>\n\t\t\t\t\t<\/div>\n\t\t<\/div>\n\t\t\t\t\t<\/div>\n\t\t<\/section>\n\t\t\t\t<\/div>","protected":false},"excerpt":{"rendered":"<p>Transparency We don&#8217;t just want to be transparent in our production cycle, we value transparency in all areas of HALI Studio, we want you to know us completely and accompany us on our journey.We are more than numbers, but these are our numbers. Welcome to our Price Breakdown: This is a real example of how [&hellip;]<\/p>","protected":false},"author":1,"featured_media":0,"parent":0,"menu_order":0,"comment_status":"closed","ping_status":"closed","template":"","meta":{"site-sidebar-layout":"no-sidebar","site-content-layout":"page-builder","ast-site-content-layout":"","site-content-style":"default","site-sidebar-style":"default","ast-global-header-display":"","ast-banner-title-visibility":"","ast-main-header-display":"","ast-hfb-above-header-display":"","ast-hfb-below-header-display":"","ast-hfb-mobile-header-display":"","site-post-title":"disabled","ast-breadcrumbs-content":"","ast-featured-img":"disabled","footer-sml-layout":"","theme-transparent-header-meta":"","adv-header-id-meta":"","stick-header-meta":"","header-above-stick-meta":"","header-main-stick-meta":"","header-below-stick-meta":"","astra-migrate-meta-layouts":"default","ast-page-background-enabled":"default","ast-page-background-meta":{"desktop":{"background-color":"","background-image":"","background-repeat":"repeat","background-position":"center center","background-size":"auto","background-attachment":"scroll","background-type":"","background-media":"","overlay-type":"","overlay-color":"","overlay-opacity":"","overlay-gradient":""},"tablet":{"background-color":"","background-image":"","background-repeat":"repeat","background-position":"center center","background-size":"auto","background-attachment":"scroll","background-type":"","background-media":"","overlay-type":"","overlay-color":"","overlay-opacity":"","overlay-gradient":""},"mobile":{"background-color":"","background-image":"","background-repeat":"repeat","background-position":"center center","background-size":"auto","background-attachment":"scroll","background-type":"","background-media":"","overlay-type":"","overlay-color":"","overlay-opacity":"","overlay-gradient":""}},"ast-content-background-meta":{"desktop":{"background-color":"var(--ast-global-color-5)","background-image":"","background-repeat":"repeat","background-position":"center center","background-size":"auto","background-attachment":"scroll","background-type":"","background-media":"","overlay-type":"","overlay-color":"","overlay-opacity":"","overlay-gradient":""},"tablet":{"background-color":"var(--ast-global-color-5)","background-image":"","background-repeat":"repeat","background-position":"center center","background-size":"auto","background-attachment":"scroll","background-type":"","background-media":"","overlay-type":"","overlay-color":"","overlay-opacity":"","overlay-gradient":""},"mobile":{"background-color":"var(--ast-global-color-5)","background-image":"","background-repeat":"repeat","background-position":"center center","background-size":"auto","background-attachment":"scroll","background-type":"","background-media":"","overlay-type":"","overlay-color":"","overlay-opacity":"","overlay-gradient":""}},"footnotes":""},"class_list":["post-1673","page","type-page","status-publish","hentry"],"yoast_head":"<!-- This site is optimized with the Yoast SEO plugin v26.6 - https:\/\/yoast.com\/wordpress\/plugins\/seo\/ -->\n<title>Transparency - Hali Studio - ethical and sustainable fashion<\/title>\n<meta name=\"robots\" content=\"index, follow, max-snippet:-1, max-image-preview:large, max-video-preview:-1\" \/>\n<link rel=\"canonical\" href=\"https:\/\/hali-studio.pt\/pt\/transparency\/\" \/>\n<meta property=\"og:locale\" content=\"pt_PT\" \/>\n<meta property=\"og:type\" content=\"article\" \/>\n<meta property=\"og:title\" content=\"Transparency - Hali Studio - ethical and sustainable fashion\" \/>\n<meta property=\"og:description\" content=\"Transparency We don&#8217;t just want to be transparent in our production cycle, we value transparency in all areas of HALI Studio, we want you to know us completely and accompany us on our journey.We are more than numbers, but these are our numbers. Welcome to our Price Breakdown: This is a real example of how [&hellip;]\" \/>\n<meta property=\"og:url\" content=\"https:\/\/hali-studio.pt\/pt\/transparency\/\" \/>\n<meta property=\"og:site_name\" content=\"Hali Studio - ethical and sustainable fashion\" \/>\n<meta property=\"article:publisher\" content=\"https:\/\/www.facebook.com\/halistudio.pt\/\" \/>\n<meta property=\"article:modified_time\" content=\"2024-03-03T21:14:23+00:00\" \/>\n<meta property=\"og:image\" content=\"https:\/\/hali-studio.pt\/wp-content\/uploads\/2024\/03\/Price-breakdown.png\" \/>\n<meta name=\"twitter:card\" content=\"summary_large_image\" \/>\n<meta name=\"twitter:label1\" content=\"Tempo estimado de leitura\" \/>\n\t<meta name=\"twitter:data1\" content=\"1 minuto\" \/>\n<script type=\"application\/ld+json\" class=\"yoast-schema-graph\">{\"@context\":\"https:\/\/schema.org\",\"@graph\":[{\"@type\":\"WebPage\",\"@id\":\"https:\/\/hali-studio.pt\/transparency\/\",\"url\":\"https:\/\/hali-studio.pt\/transparency\/\",\"name\":\"Transparency - Hali Studio - ethical and sustainable fashion\",\"isPartOf\":{\"@id\":\"https:\/\/hali-studio.pt\/#website\"},\"primaryImageOfPage\":{\"@id\":\"https:\/\/hali-studio.pt\/transparency\/#primaryimage\"},\"image\":{\"@id\":\"https:\/\/hali-studio.pt\/transparency\/#primaryimage\"},\"thumbnailUrl\":\"https:\/\/hali-studio.pt\/wp-content\/uploads\/2024\/03\/Price-breakdown.png\",\"datePublished\":\"2023-02-21T13:03:45+00:00\",\"dateModified\":\"2024-03-03T21:14:23+00:00\",\"breadcrumb\":{\"@id\":\"https:\/\/hali-studio.pt\/transparency\/#breadcrumb\"},\"inLanguage\":\"pt-PT\",\"potentialAction\":[{\"@type\":\"ReadAction\",\"target\":[\"https:\/\/hali-studio.pt\/transparency\/\"]}]},{\"@type\":\"ImageObject\",\"inLanguage\":\"pt-PT\",\"@id\":\"https:\/\/hali-studio.pt\/transparency\/#primaryimage\",\"url\":\"https:\/\/hali-studio.pt\/wp-content\/uploads\/2024\/03\/Price-breakdown.png\",\"contentUrl\":\"https:\/\/hali-studio.pt\/wp-content\/uploads\/2024\/03\/Price-breakdown.png\"},{\"@type\":\"BreadcrumbList\",\"@id\":\"https:\/\/hali-studio.pt\/transparency\/#breadcrumb\",\"itemListElement\":[{\"@type\":\"ListItem\",\"position\":1,\"name\":\"Home\",\"item\":\"https:\/\/hali-studio.pt\/\"},{\"@type\":\"ListItem\",\"position\":2,\"name\":\"Transparency\"}]},{\"@type\":\"WebSite\",\"@id\":\"https:\/\/hali-studio.pt\/#website\",\"url\":\"https:\/\/hali-studio.pt\/\",\"name\":\"Hali Studio\",\"description\":\"ethical and sustainable fashion\",\"publisher\":{\"@id\":\"https:\/\/hali-studio.pt\/#organization\"},\"alternateName\":\"hali\",\"potentialAction\":[{\"@type\":\"SearchAction\",\"target\":{\"@type\":\"EntryPoint\",\"urlTemplate\":\"https:\/\/hali-studio.pt\/?s={search_term_string}\"},\"query-input\":{\"@type\":\"PropertyValueSpecification\",\"valueRequired\":true,\"valueName\":\"search_term_string\"}}],\"inLanguage\":\"pt-PT\"},{\"@type\":\"Organization\",\"@id\":\"https:\/\/hali-studio.pt\/#organization\",\"name\":\"Hali Studio\",\"alternateName\":\"hali\",\"url\":\"https:\/\/hali-studio.pt\/\",\"logo\":{\"@type\":\"ImageObject\",\"inLanguage\":\"pt-PT\",\"@id\":\"https:\/\/hali-studio.pt\/#\/schema\/logo\/image\/\",\"url\":\"https:\/\/hali-studio.pt\/wp-content\/uploads\/2022\/10\/Logo.png\",\"contentUrl\":\"https:\/\/hali-studio.pt\/wp-content\/uploads\/2022\/10\/Logo.png\",\"width\":835,\"height\":409,\"caption\":\"Hali Studio\"},\"image\":{\"@id\":\"https:\/\/hali-studio.pt\/#\/schema\/logo\/image\/\"},\"sameAs\":[\"https:\/\/www.facebook.com\/halistudio.pt\/\",\"https:\/\/www.instagram.com\/halistudio.pt\/\"]}]}<\/script>\n<!-- \/ Yoast SEO plugin. -->","yoast_head_json":{"title":"Transparency - Hali Studio - ethical and sustainable fashion","robots":{"index":"index","follow":"follow","max-snippet":"max-snippet:-1","max-image-preview":"max-image-preview:large","max-video-preview":"max-video-preview:-1"},"canonical":"https:\/\/hali-studio.pt\/pt\/transparency\/","og_locale":"pt_PT","og_type":"article","og_title":"Transparency - Hali Studio - ethical and sustainable fashion","og_description":"Transparency We don&#8217;t just want to be transparent in our production cycle, we value transparency in all areas of HALI Studio, we want you to know us completely and accompany us on our journey.We are more than numbers, but these are our numbers. Welcome to our Price Breakdown: This is a real example of how [&hellip;]","og_url":"https:\/\/hali-studio.pt\/pt\/transparency\/","og_site_name":"Hali Studio - ethical and sustainable fashion","article_publisher":"https:\/\/www.facebook.com\/halistudio.pt\/","article_modified_time":"2024-03-03T21:14:23+00:00","og_image":[{"url":"https:\/\/hali-studio.pt\/wp-content\/uploads\/2024\/03\/Price-breakdown.png","type":"","width":"","height":""}],"twitter_card":"summary_large_image","twitter_misc":{"Tempo estimado de leitura":"1 minuto"},"schema":{"@context":"https:\/\/schema.org","@graph":[{"@type":"WebPage","@id":"https:\/\/hali-studio.pt\/transparency\/","url":"https:\/\/hali-studio.pt\/transparency\/","name":"Transparency - Hali Studio - ethical and sustainable fashion","isPartOf":{"@id":"https:\/\/hali-studio.pt\/#website"},"primaryImageOfPage":{"@id":"https:\/\/hali-studio.pt\/transparency\/#primaryimage"},"image":{"@id":"https:\/\/hali-studio.pt\/transparency\/#primaryimage"},"thumbnailUrl":"https:\/\/hali-studio.pt\/wp-content\/uploads\/2024\/03\/Price-breakdown.png","datePublished":"2023-02-21T13:03:45+00:00","dateModified":"2024-03-03T21:14:23+00:00","breadcrumb":{"@id":"https:\/\/hali-studio.pt\/transparency\/#breadcrumb"},"inLanguage":"pt-PT","potentialAction":[{"@type":"ReadAction","target":["https:\/\/hali-studio.pt\/transparency\/"]}]},{"@type":"ImageObject","inLanguage":"pt-PT","@id":"https:\/\/hali-studio.pt\/transparency\/#primaryimage","url":"https:\/\/hali-studio.pt\/wp-content\/uploads\/2024\/03\/Price-breakdown.png","contentUrl":"https:\/\/hali-studio.pt\/wp-content\/uploads\/2024\/03\/Price-breakdown.png"},{"@type":"BreadcrumbList","@id":"https:\/\/hali-studio.pt\/transparency\/#breadcrumb","itemListElement":[{"@type":"ListItem","position":1,"name":"Home","item":"https:\/\/hali-studio.pt\/"},{"@type":"ListItem","position":2,"name":"Transparency"}]},{"@type":"WebSite","@id":"https:\/\/hali-studio.pt\/#website","url":"https:\/\/hali-studio.pt\/","name":"Hali Studio","description":"ethical and sustainable fashion","publisher":{"@id":"https:\/\/hali-studio.pt\/#organization"},"alternateName":"hali","potentialAction":[{"@type":"SearchAction","target":{"@type":"EntryPoint","urlTemplate":"https:\/\/hali-studio.pt\/?s={search_term_string}"},"query-input":{"@type":"PropertyValueSpecification","valueRequired":true,"valueName":"search_term_string"}}],"inLanguage":"pt-PT"},{"@type":"Organization","@id":"https:\/\/hali-studio.pt\/#organization","name":"Hali Studio","alternateName":"hali","url":"https:\/\/hali-studio.pt\/","logo":{"@type":"ImageObject","inLanguage":"pt-PT","@id":"https:\/\/hali-studio.pt\/#\/schema\/logo\/image\/","url":"https:\/\/hali-studio.pt\/wp-content\/uploads\/2022\/10\/Logo.png","contentUrl":"https:\/\/hali-studio.pt\/wp-content\/uploads\/2022\/10\/Logo.png","width":835,"height":409,"caption":"Hali Studio"},"image":{"@id":"https:\/\/hali-studio.pt\/#\/schema\/logo\/image\/"},"sameAs":["https:\/\/www.facebook.com\/halistudio.pt\/","https:\/\/www.instagram.com\/halistudio.pt\/"]}]}},"jetpack_sharing_enabled":true,"rttpg_featured_image_url":null,"rttpg_author":{"display_name":"In\u00eas Faria","author_link":"https:\/\/hali-studio.pt\/pt\/author\/ines-faria\/"},"rttpg_comment":0,"rttpg_category":null,"rttpg_excerpt":"Transparency We don&#8217;t just want to be transparent in our production cycle, we value transparency in all areas of HALI Studio, we want you to know us completely and accompany us on our journey.We are more than numbers, but these are our numbers. Welcome to our Price Breakdown: This is a real example of how&hellip;","_links":{"self":[{"href":"https:\/\/hali-studio.pt\/pt\/wp-json\/wp\/v2\/pages\/1673","targetHints":{"allow":["GET"]}}],"collection":[{"href":"https:\/\/hali-studio.pt\/pt\/wp-json\/wp\/v2\/pages"}],"about":[{"href":"https:\/\/hali-studio.pt\/pt\/wp-json\/wp\/v2\/types\/page"}],"author":[{"embeddable":true,"href":"https:\/\/hali-studio.pt\/pt\/wp-json\/wp\/v2\/users\/1"}],"replies":[{"embeddable":true,"href":"https:\/\/hali-studio.pt\/pt\/wp-json\/wp\/v2\/comments?post=1673"}],"version-history":[{"count":49,"href":"https:\/\/hali-studio.pt\/pt\/wp-json\/wp\/v2\/pages\/1673\/revisions"}],"predecessor-version":[{"id":3290,"href":"https:\/\/hali-studio.pt\/pt\/wp-json\/wp\/v2\/pages\/1673\/revisions\/3290"}],"wp:attachment":[{"href":"https:\/\/hali-studio.pt\/pt\/wp-json\/wp\/v2\/media?parent=1673"}],"curies":[{"name":"wp","href":"https:\/\/api.w.org\/{rel}","templated":true}]}}