{"id":541,"date":"2021-07-27T02:39:22","date_gmt":"2021-07-27T02:39:22","guid":{"rendered":"https:\/\/hali-studio.pt\/collections\/"},"modified":"2023-09-11T23:53:12","modified_gmt":"2023-09-11T23:53:12","slug":"sustainability","status":"publish","type":"page","link":"https:\/\/hali-studio.pt\/pt\/sustainability\/","title":{"rendered":"Sustentabilidade"},"content":{"rendered":"<div data-elementor-type=\"wp-page\" data-elementor-id=\"541\" class=\"elementor elementor-541\">\n\t\t\t\t\t\t<section class=\"elementor-section elementor-top-section elementor-element elementor-element-744941a elementor-section-boxed elementor-section-height-default elementor-section-height-default\" data-id=\"744941a\" data-element_type=\"section\" data-settings=\"{&quot;background_background&quot;:&quot;classic&quot;}\">\n\t\t\t\t\t\t<div class=\"elementor-container elementor-column-gap-no\">\n\t\t\t\t\t<div class=\"elementor-column elementor-col-100 elementor-top-column elementor-element elementor-element-edd5d81\" data-id=\"edd5d81\" data-element_type=\"column\">\n\t\t\t<div class=\"elementor-widget-wrap elementor-element-populated\">\n\t\t\t\t\t\t<div class=\"elementor-element elementor-element-eabfb0d elementor-widget elementor-widget-spacer\" data-id=\"eabfb0d\" data-element_type=\"widget\" data-widget_type=\"spacer.default\">\n\t\t\t\t<div class=\"elementor-widget-container\">\n\t\t\t\t\t\t\t<div class=\"elementor-spacer\">\n\t\t\t<div class=\"elementor-spacer-inner\"><\/div>\n\t\t<\/div>\n\t\t\t\t\t\t<\/div>\n\t\t\t\t<\/div>\n\t\t\t\t<div class=\"elementor-element elementor-element-59689d8 elementor-widget elementor-widget-heading\" data-id=\"59689d8\" data-element_type=\"widget\" data-widget_type=\"heading.default\">\n\t\t\t\t<div class=\"elementor-widget-container\">\n\t\t\t\t\t<h1 class=\"elementor-heading-title elementor-size-default\">Sustentabilidade<\/h1>\t\t\t\t<\/div>\n\t\t\t\t<\/div>\n\t\t\t\t<div class=\"elementor-element elementor-element-4614c50 elementor-widget elementor-widget-spacer\" data-id=\"4614c50\" data-element_type=\"widget\" data-widget_type=\"spacer.default\">\n\t\t\t\t<div class=\"elementor-widget-container\">\n\t\t\t\t\t\t\t<div class=\"elementor-spacer\">\n\t\t\t<div class=\"elementor-spacer-inner\"><\/div>\n\t\t<\/div>\n\t\t\t\t\t\t<\/div>\n\t\t\t\t<\/div>\n\t\t\t\t<section class=\"elementor-section elementor-inner-section elementor-element elementor-element-a0683a2 elementor-section-height-min-height elementor-section-content-space-around elementor-section-boxed elementor-section-height-default\" data-id=\"a0683a2\" data-element_type=\"section\">\n\t\t\t\t\t\t<div class=\"elementor-container elementor-column-gap-default\">\n\t\t\t\t\t<div class=\"elementor-column elementor-col-50 elementor-inner-column elementor-element elementor-element-610fcd1\" data-id=\"610fcd1\" data-element_type=\"column\" data-settings=\"{&quot;background_background&quot;:&quot;slideshow&quot;,&quot;background_slideshow_gallery&quot;:[{&quot;id&quot;:1684,&quot;url&quot;:&quot;https:\\\/\\\/hali-studio.pt\\\/wp-content\\\/uploads\\\/2023\\\/02\\\/Materials-scaled.jpg&quot;}],&quot;background_slideshow_loop&quot;:&quot;yes&quot;,&quot;background_slideshow_slide_duration&quot;:5000,&quot;background_slideshow_slide_transition&quot;:&quot;fade&quot;,&quot;background_slideshow_transition_duration&quot;:500}\">\n\t\t\t<div class=\"elementor-widget-wrap\">\n\t\t\t\t\t\t\t<\/div>\n\t\t<\/div>\n\t\t\t\t<div class=\"elementor-column elementor-col-50 elementor-inner-column elementor-element elementor-element-172a783\" data-id=\"172a783\" data-element_type=\"column\">\n\t\t\t<div class=\"elementor-widget-wrap elementor-element-populated\">\n\t\t\t\t\t\t<div class=\"elementor-element elementor-element-d0ce558 elementor-widget elementor-widget-heading\" data-id=\"d0ce558\" data-element_type=\"widget\" data-widget_type=\"heading.default\">\n\t\t\t\t<div class=\"elementor-widget-container\">\n\t\t\t\t\t<h2 class=\"elementor-heading-title elementor-size-default\">Materiais<\/h2>\t\t\t\t<\/div>\n\t\t\t\t<\/div>\n\t\t\t\t<div class=\"elementor-element elementor-element-93d2636 elementor-widget elementor-widget-text-editor\" data-id=\"93d2636\" data-element_type=\"widget\" data-widget_type=\"text-editor.default\">\n\t\t\t\t<div class=\"elementor-widget-container\">\n\t\t\t\t\t\t\t\t\t<p>Todos os nossos materiais s\u00e3o de origem portuguesa e refletem as nossas preocupa\u00e7\u00f5es ambientais.<\/p><p>Os nossos materiais t\u00eaxteis s\u00e3o produzidos em f\u00e1bricas portuguesas, com fibras naturais, como algod\u00e3o org\u00e2nico, linho e l\u00e3, e materiais provenientes de deadstocks, materiais que n\u00e3o t\u00eam utilidade na cadeia produtiva da empresa, mas que para n\u00f3s s\u00e3o preciosos.<\/p><p>As nossas etiquetas de marca e tamanho s\u00e3o produzidas em algod\u00e3o natural, sem tingimento, as etiquetas de composi\u00e7\u00e3o s\u00e3o produzidas em poli\u00e9ster reciclado e os hangtags e envelopes de bot\u00f5es em papel reciclado com cord\u00e3o de juta.<\/p><p>Os nossos bot\u00f5es, de cole\u00e7\u00f5es ecol\u00f3gicas, fechos, caixas e todos os outros acess\u00f3rios s\u00e3o produzidos tamb\u00e9m em Portugal.<\/p><p>Alguns dos nossos fornecedores s\u00e3o a Riopele T\u00eaxteis, RCS Linhos, Casa da Malha, Passamar e a Louropel.<\/p>\t\t\t\t\t\t\t\t<\/div>\n\t\t\t\t<\/div>\n\t\t\t\t\t<\/div>\n\t\t<\/div>\n\t\t\t\t\t<\/div>\n\t\t<\/section>\n\t\t\t\t<div class=\"elementor-element elementor-element-9a3885f elementor-widget-divider--view-line elementor-widget elementor-widget-divider\" data-id=\"9a3885f\" data-element_type=\"widget\" data-widget_type=\"divider.default\">\n\t\t\t\t<div class=\"elementor-widget-container\">\n\t\t\t\t\t\t\t<div class=\"elementor-divider\">\n\t\t\t<span class=\"elementor-divider-separator\">\n\t\t\t\t\t\t<\/span>\n\t\t<\/div>\n\t\t\t\t\t\t<\/div>\n\t\t\t\t<\/div>\n\t\t\t\t<section class=\"elementor-section elementor-inner-section elementor-element elementor-element-0ec92d0 elementor-section-height-min-height elementor-section-content-space-around elementor-section-boxed elementor-section-height-default\" data-id=\"0ec92d0\" data-element_type=\"section\">\n\t\t\t\t\t\t<div class=\"elementor-container elementor-column-gap-default\">\n\t\t\t\t\t<div class=\"elementor-column elementor-col-50 elementor-inner-column elementor-element elementor-element-fa7dfa5\" data-id=\"fa7dfa5\" data-element_type=\"column\">\n\t\t\t<div class=\"elementor-widget-wrap elementor-element-populated\">\n\t\t\t\t\t\t<div class=\"elementor-element elementor-element-c4d7d69 elementor-widget elementor-widget-heading\" data-id=\"c4d7d69\" data-element_type=\"widget\" data-widget_type=\"heading.default\">\n\t\t\t\t<div class=\"elementor-widget-container\">\n\t\t\t\t\t<h2 class=\"elementor-heading-title elementor-size-default\">Produ\u00e7\u00e3o<\/h2>\t\t\t\t<\/div>\n\t\t\t\t<\/div>\n\t\t\t\t<div class=\"elementor-element elementor-element-09ac73d elementor-widget elementor-widget-text-editor\" data-id=\"09ac73d\" data-element_type=\"widget\" data-widget_type=\"text-editor.default\">\n\t\t\t\t<div class=\"elementor-widget-container\">\n\t\t\t\t\t\t\t\t\t<p>Todas as nossas pe\u00e7as s\u00e3o fabricadas em Portugal. As nossas novas cole\u00e7\u00f5es s\u00e3o produzidas no Suri Atelier, atelier de modelagem e confe\u00e7\u00e3o em Cascais.<\/p><p>Produzimos em quantidades muito limitadas, dependendo da disponibilidade de materiais, o que tamb\u00e9m nos permite manter os nossos rigorosos padr\u00f5es de qualidade.<\/p><p>Eliminamos os pl\u00e1sticos descart\u00e1veis da nossa produ\u00e7\u00e3o e reutilizamos todos os materiais poss\u00edveis, incluindo as polybags que recolhemos de outras marcas e reutilizamos desde a nossa primeira cole\u00e7\u00e3o.<\/p><p>Orgulhamo-nos da produ\u00e7\u00e3o transparente; cada pe\u00e7a HALI Studio possui um QR Code onde \u00e9 poss\u00edvel conhecer todo o seu processo de produ\u00e7\u00e3o e ver os locais por onde esta passou.<\/p><p>\u00a0<\/p>\t\t\t\t\t\t\t\t<\/div>\n\t\t\t\t<\/div>\n\t\t\t\t\t<\/div>\n\t\t<\/div>\n\t\t\t\t<div class=\"elementor-column elementor-col-50 elementor-inner-column elementor-element elementor-element-d970da7\" data-id=\"d970da7\" data-element_type=\"column\" data-settings=\"{&quot;background_background&quot;:&quot;slideshow&quot;,&quot;background_slideshow_gallery&quot;:[{&quot;id&quot;:2069,&quot;url&quot;:&quot;https:\\\/\\\/hali-studio.pt\\\/wp-content\\\/uploads\\\/2023\\\/02\\\/Hali1-106-scaled.jpg&quot;}],&quot;background_slideshow_loop&quot;:&quot;yes&quot;,&quot;background_slideshow_slide_duration&quot;:5000,&quot;background_slideshow_slide_transition&quot;:&quot;fade&quot;,&quot;background_slideshow_transition_duration&quot;:500}\">\n\t\t\t<div class=\"elementor-widget-wrap\">\n\t\t\t\t\t\t\t<\/div>\n\t\t<\/div>\n\t\t\t\t\t<\/div>\n\t\t<\/section>\n\t\t\t\t<div class=\"elementor-element elementor-element-6f44676 elementor-widget elementor-widget-spacer\" data-id=\"6f44676\" data-element_type=\"widget\" data-widget_type=\"spacer.default\">\n\t\t\t\t<div class=\"elementor-widget-container\">\n\t\t\t\t\t\t\t<div class=\"elementor-spacer\">\n\t\t\t<div class=\"elementor-spacer-inner\"><\/div>\n\t\t<\/div>\n\t\t\t\t\t\t<\/div>\n\t\t\t\t<\/div>\n\t\t\t\t\t<\/div>\n\t\t<\/div>\n\t\t\t\t\t<\/div>\n\t\t<\/section>\n\t\t\t\t<section class=\"elementor-section elementor-top-section elementor-element elementor-element-c154a9a elementor-section-boxed elementor-section-height-default elementor-section-height-default\" data-id=\"c154a9a\" data-element_type=\"section\" data-settings=\"{&quot;background_background&quot;:&quot;classic&quot;}\">\n\t\t\t\t\t\t<div class=\"elementor-container elementor-column-gap-default\">\n\t\t\t\t\t<div class=\"elementor-column elementor-col-100 elementor-top-column elementor-element elementor-element-48a7e64\" data-id=\"48a7e64\" data-element_type=\"column\">\n\t\t\t<div class=\"elementor-widget-wrap elementor-element-populated\">\n\t\t\t\t\t\t<div class=\"elementor-element elementor-element-da7876b elementor-widget elementor-widget-heading\" data-id=\"da7876b\" data-element_type=\"widget\" data-widget_type=\"heading.default\">\n\t\t\t\t<div class=\"elementor-widget-container\">\n\t\t\t\t\t<h2 class=\"elementor-heading-title elementor-size-default\">Descobrir mais<\/h2>\t\t\t\t<\/div>\n\t\t\t\t<\/div>\n\t\t\t\t<div class=\"elementor-element elementor-element-29effd4 elementor-widget elementor-widget-spacer\" data-id=\"29effd4\" data-element_type=\"widget\" data-widget_type=\"spacer.default\">\n\t\t\t\t<div class=\"elementor-widget-container\">\n\t\t\t\t\t\t\t<div class=\"elementor-spacer\">\n\t\t\t<div class=\"elementor-spacer-inner\"><\/div>\n\t\t<\/div>\n\t\t\t\t\t\t<\/div>\n\t\t\t\t<\/div>\n\t\t\t\t\t<\/div>\n\t\t<\/div>\n\t\t\t\t\t<\/div>\n\t\t<\/section>\n\t\t\t\t<section class=\"elementor-section elementor-top-section elementor-element elementor-element-8bfcbb7 elementor-section-boxed elementor-section-height-default elementor-section-height-default\" data-id=\"8bfcbb7\" data-element_type=\"section\" data-settings=\"{&quot;background_background&quot;:&quot;classic&quot;}\">\n\t\t\t\t\t\t<div class=\"elementor-container elementor-column-gap-default\">\n\t\t\t\t\t<div class=\"elementor-column elementor-col-33 elementor-top-column elementor-element elementor-element-5482d99\" data-id=\"5482d99\" data-element_type=\"column\">\n\t\t\t<div class=\"elementor-widget-wrap elementor-element-populated\">\n\t\t\t\t\t\t<div class=\"elementor-element elementor-element-0dc9d3f elementor-align-center elementor-widget elementor-widget-button\" data-id=\"0dc9d3f\" data-element_type=\"widget\" data-widget_type=\"button.default\">\n\t\t\t\t<div class=\"elementor-widget-container\">\n\t\t\t\t\t\t\t\t\t<div class=\"elementor-button-wrapper\">\n\t\t\t\t\t<a class=\"elementor-button elementor-button-link elementor-size-sm\" href=\"https:\/\/hali-studio.pt\/pt\/fashion-recovery\/\">\n\t\t\t\t\t\t<span class=\"elementor-button-content-wrapper\">\n\t\t\t\t\t\t\t\t\t<span class=\"elementor-button-text\">Recupera\u00e7\u00e3o de moda<\/span>\n\t\t\t\t\t<\/span>\n\t\t\t\t\t<\/a>\n\t\t\t\t<\/div>\n\t\t\t\t\t\t\t\t<\/div>\n\t\t\t\t<\/div>\n\t\t\t\t\t<\/div>\n\t\t<\/div>\n\t\t\t\t<div class=\"elementor-column elementor-col-33 elementor-top-column elementor-element elementor-element-f6f820e\" data-id=\"f6f820e\" data-element_type=\"column\">\n\t\t\t<div class=\"elementor-widget-wrap elementor-element-populated\">\n\t\t\t\t\t\t<div class=\"elementor-element elementor-element-142fc99 elementor-align-center elementor-widget elementor-widget-button\" data-id=\"142fc99\" data-element_type=\"widget\" data-widget_type=\"button.default\">\n\t\t\t\t<div class=\"elementor-widget-container\">\n\t\t\t\t\t\t\t\t\t<div class=\"elementor-button-wrapper\">\n\t\t\t\t\t<a class=\"elementor-button elementor-button-link elementor-size-sm\" href=\"https:\/\/hali-studio.pt\/pt\/transparency\/\">\n\t\t\t\t\t\t<span class=\"elementor-button-content-wrapper\">\n\t\t\t\t\t\t\t\t\t<span class=\"elementor-button-text\">Transpar\u00eancia<\/span>\n\t\t\t\t\t<\/span>\n\t\t\t\t\t<\/a>\n\t\t\t\t<\/div>\n\t\t\t\t\t\t\t\t<\/div>\n\t\t\t\t<\/div>\n\t\t\t\t\t<\/div>\n\t\t<\/div>\n\t\t\t\t<div class=\"elementor-column elementor-col-33 elementor-top-column elementor-element elementor-element-e4f0de4\" data-id=\"e4f0de4\" data-element_type=\"column\">\n\t\t\t<div class=\"elementor-widget-wrap elementor-element-populated\">\n\t\t\t\t\t\t<div class=\"elementor-element elementor-element-cd06813 elementor-align-center elementor-widget elementor-widget-button\" data-id=\"cd06813\" data-element_type=\"widget\" data-widget_type=\"button.default\">\n\t\t\t\t<div class=\"elementor-widget-container\">\n\t\t\t\t\t\t\t\t\t<div class=\"elementor-button-wrapper\">\n\t\t\t\t\t<a class=\"elementor-button elementor-button-link elementor-size-sm\" href=\"https:\/\/hali-studio.pt\/pt\/meet-our-factories\/\">\n\t\t\t\t\t\t<span class=\"elementor-button-content-wrapper\">\n\t\t\t\t\t\t\t\t\t<span class=\"elementor-button-text\">Conhece as nossas f\u00e1bricas<\/span>\n\t\t\t\t\t<\/span>\n\t\t\t\t\t<\/a>\n\t\t\t\t<\/div>\n\t\t\t\t\t\t\t\t<\/div>\n\t\t\t\t<\/div>\n\t\t\t\t\t<\/div>\n\t\t<\/div>\n\t\t\t\t\t<\/div>\n\t\t<\/section>\n\t\t\t\t<section class=\"elementor-section elementor-top-section elementor-element elementor-element-e019366 elementor-section-boxed elementor-section-height-default elementor-section-height-default\" data-id=\"e019366\" data-element_type=\"section\" data-settings=\"{&quot;background_background&quot;:&quot;classic&quot;}\">\n\t\t\t\t\t\t<div class=\"elementor-container elementor-column-gap-default\">\n\t\t\t\t\t<div class=\"elementor-column elementor-col-100 elementor-top-column elementor-element elementor-element-1006b24\" data-id=\"1006b24\" data-element_type=\"column\">\n\t\t\t<div class=\"elementor-widget-wrap elementor-element-populated\">\n\t\t\t\t\t\t<div class=\"elementor-element elementor-element-8bb8b69 elementor-widget elementor-widget-spacer\" data-id=\"8bb8b69\" data-element_type=\"widget\" data-widget_type=\"spacer.default\">\n\t\t\t\t<div class=\"elementor-widget-container\">\n\t\t\t\t\t\t\t<div class=\"elementor-spacer\">\n\t\t\t<div class=\"elementor-spacer-inner\"><\/div>\n\t\t<\/div>\n\t\t\t\t\t\t<\/div>\n\t\t\t\t<\/div>\n\t\t\t\t\t<\/div>\n\t\t<\/div>\n\t\t\t\t\t<\/div>\n\t\t<\/section>\n\t\t\t\t<\/div>","protected":false},"excerpt":{"rendered":"<p>Sustainability Materials All our materials are of Portuguese origin and are concerned with sustainability in their production. Our textile materials are materials produced in portuguese factories, with natural fibers, such as organic cotton, linen and wool, and materials from deadstocks, materials that have no use in the production chain of the company, but to us, [&hellip;]<\/p>","protected":false},"author":1,"featured_media":0,"parent":0,"menu_order":0,"comment_status":"closed","ping_status":"closed","template":"","meta":{"site-sidebar-layout":"no-sidebar","site-content-layout":"page-builder","ast-site-content-layout":"","site-content-style":"default","site-sidebar-style":"default","ast-global-header-display":"","ast-banner-title-visibility":"","ast-main-header-display":"","ast-hfb-above-header-display":"","ast-hfb-below-header-display":"","ast-hfb-mobile-header-display":"","site-post-title":"disabled","ast-breadcrumbs-content":"disabled","ast-featured-img":"disabled","footer-sml-layout":"","theme-transparent-header-meta":"default","adv-header-id-meta":"","stick-header-meta":"","header-above-stick-meta":"","header-main-stick-meta":"","header-below-stick-meta":"","astra-migrate-meta-layouts":"default","ast-page-background-enabled":"default","ast-page-background-meta":{"desktop":{"background-color":"","background-image":"","background-repeat":"repeat","background-position":"center center","background-size":"auto","background-attachment":"scroll","background-type":"","background-media":"","overlay-type":"","overlay-color":"","overlay-opacity":"","overlay-gradient":""},"tablet":{"background-color":"","background-image":"","background-repeat":"repeat","background-position":"center center","background-size":"auto","background-attachment":"scroll","background-type":"","background-media":"","overlay-type":"","overlay-color":"","overlay-opacity":"","overlay-gradient":""},"mobile":{"background-color":"","background-image":"","background-repeat":"repeat","background-position":"center center","background-size":"auto","background-attachment":"scroll","background-type":"","background-media":"","overlay-type":"","overlay-color":"","overlay-opacity":"","overlay-gradient":""}},"ast-content-background-meta":{"desktop":{"background-color":"var(--ast-global-color-5)","background-image":"","background-repeat":"repeat","background-position":"center center","background-size":"auto","background-attachment":"scroll","background-type":"","background-media":"","overlay-type":"","overlay-color":"","overlay-opacity":"","overlay-gradient":""},"tablet":{"background-color":"var(--ast-global-color-5)","background-image":"","background-repeat":"repeat","background-position":"center center","background-size":"auto","background-attachment":"scroll","background-type":"","background-media":"","overlay-type":"","overlay-color":"","overlay-opacity":"","overlay-gradient":""},"mobile":{"background-color":"var(--ast-global-color-5)","background-image":"","background-repeat":"repeat","background-position":"center center","background-size":"auto","background-attachment":"scroll","background-type":"","background-media":"","overlay-type":"","overlay-color":"","overlay-opacity":"","overlay-gradient":""}},"footnotes":""},"class_list":["post-541","page","type-page","status-publish","hentry"],"yoast_head":"<!-- This site is optimized with the Yoast SEO plugin v26.6 - https:\/\/yoast.com\/wordpress\/plugins\/seo\/ -->\n<title>Sustainability - Hali Studio - ethical and sustainable fashion<\/title>\n<meta name=\"robots\" content=\"index, follow, max-snippet:-1, max-image-preview:large, max-video-preview:-1\" \/>\n<link rel=\"canonical\" href=\"https:\/\/hali-studio.pt\/pt\/sustainability\/\" \/>\n<meta property=\"og:locale\" content=\"pt_PT\" \/>\n<meta property=\"og:type\" content=\"article\" \/>\n<meta property=\"og:title\" content=\"Sustainability - Hali Studio - ethical and sustainable fashion\" \/>\n<meta property=\"og:description\" content=\"Sustainability Materials All our materials are of Portuguese origin and are concerned with sustainability in their production. Our textile materials are materials produced in portuguese factories, with natural fibers, such as organic cotton, linen and wool, and materials from deadstocks, materials that have no use in the production chain of the company, but to us, [&hellip;]\" \/>\n<meta property=\"og:url\" content=\"https:\/\/hali-studio.pt\/pt\/sustainability\/\" \/>\n<meta property=\"og:site_name\" content=\"Hali Studio - ethical and sustainable fashion\" \/>\n<meta property=\"article:publisher\" content=\"https:\/\/www.facebook.com\/halistudio.pt\/\" \/>\n<meta property=\"article:modified_time\" content=\"2023-09-11T23:53:12+00:00\" \/>\n<meta property=\"og:image\" content=\"https:\/\/hali-studio.pt\/wp-content\/uploads\/2023\/03\/Logosmall-e1679167286497.png\" \/>\n\t<meta property=\"og:image:width\" content=\"300\" \/>\n\t<meta property=\"og:image:height\" content=\"147\" \/>\n\t<meta property=\"og:image:type\" content=\"image\/png\" \/>\n<meta name=\"twitter:card\" content=\"summary_large_image\" \/>\n<meta name=\"twitter:label1\" content=\"Tempo estimado de leitura\" \/>\n\t<meta name=\"twitter:data1\" content=\"2 minutos\" \/>\n<script type=\"application\/ld+json\" class=\"yoast-schema-graph\">{\"@context\":\"https:\/\/schema.org\",\"@graph\":[{\"@type\":\"WebPage\",\"@id\":\"https:\/\/hali-studio.pt\/sustainability\/\",\"url\":\"https:\/\/hali-studio.pt\/sustainability\/\",\"name\":\"Sustainability - Hali Studio - ethical and sustainable fashion\",\"isPartOf\":{\"@id\":\"https:\/\/hali-studio.pt\/#website\"},\"datePublished\":\"2021-07-27T02:39:22+00:00\",\"dateModified\":\"2023-09-11T23:53:12+00:00\",\"breadcrumb\":{\"@id\":\"https:\/\/hali-studio.pt\/sustainability\/#breadcrumb\"},\"inLanguage\":\"pt-PT\",\"potentialAction\":[{\"@type\":\"ReadAction\",\"target\":[\"https:\/\/hali-studio.pt\/sustainability\/\"]}]},{\"@type\":\"BreadcrumbList\",\"@id\":\"https:\/\/hali-studio.pt\/sustainability\/#breadcrumb\",\"itemListElement\":[{\"@type\":\"ListItem\",\"position\":1,\"name\":\"Home\",\"item\":\"https:\/\/hali-studio.pt\/\"},{\"@type\":\"ListItem\",\"position\":2,\"name\":\"Sustainability\"}]},{\"@type\":\"WebSite\",\"@id\":\"https:\/\/hali-studio.pt\/#website\",\"url\":\"https:\/\/hali-studio.pt\/\",\"name\":\"Hali Studio\",\"description\":\"ethical and sustainable fashion\",\"publisher\":{\"@id\":\"https:\/\/hali-studio.pt\/#organization\"},\"alternateName\":\"hali\",\"potentialAction\":[{\"@type\":\"SearchAction\",\"target\":{\"@type\":\"EntryPoint\",\"urlTemplate\":\"https:\/\/hali-studio.pt\/?s={search_term_string}\"},\"query-input\":{\"@type\":\"PropertyValueSpecification\",\"valueRequired\":true,\"valueName\":\"search_term_string\"}}],\"inLanguage\":\"pt-PT\"},{\"@type\":\"Organization\",\"@id\":\"https:\/\/hali-studio.pt\/#organization\",\"name\":\"Hali Studio\",\"alternateName\":\"hali\",\"url\":\"https:\/\/hali-studio.pt\/\",\"logo\":{\"@type\":\"ImageObject\",\"inLanguage\":\"pt-PT\",\"@id\":\"https:\/\/hali-studio.pt\/#\/schema\/logo\/image\/\",\"url\":\"https:\/\/hali-studio.pt\/wp-content\/uploads\/2022\/10\/Logo.png\",\"contentUrl\":\"https:\/\/hali-studio.pt\/wp-content\/uploads\/2022\/10\/Logo.png\",\"width\":835,\"height\":409,\"caption\":\"Hali Studio\"},\"image\":{\"@id\":\"https:\/\/hali-studio.pt\/#\/schema\/logo\/image\/\"},\"sameAs\":[\"https:\/\/www.facebook.com\/halistudio.pt\/\",\"https:\/\/www.instagram.com\/halistudio.pt\/\"]}]}<\/script>\n<!-- \/ Yoast SEO plugin. -->","yoast_head_json":{"title":"Sustainability - Hali Studio - ethical and sustainable fashion","robots":{"index":"index","follow":"follow","max-snippet":"max-snippet:-1","max-image-preview":"max-image-preview:large","max-video-preview":"max-video-preview:-1"},"canonical":"https:\/\/hali-studio.pt\/pt\/sustainability\/","og_locale":"pt_PT","og_type":"article","og_title":"Sustainability - Hali Studio - ethical and sustainable fashion","og_description":"Sustainability Materials All our materials are of Portuguese origin and are concerned with sustainability in their production. Our textile materials are materials produced in portuguese factories, with natural fibers, such as organic cotton, linen and wool, and materials from deadstocks, materials that have no use in the production chain of the company, but to us, [&hellip;]","og_url":"https:\/\/hali-studio.pt\/pt\/sustainability\/","og_site_name":"Hali Studio - ethical and sustainable fashion","article_publisher":"https:\/\/www.facebook.com\/halistudio.pt\/","article_modified_time":"2023-09-11T23:53:12+00:00","og_image":[{"width":300,"height":147,"url":"https:\/\/hali-studio.pt\/wp-content\/uploads\/2023\/03\/Logosmall-e1679167286497.png","type":"image\/png"}],"twitter_card":"summary_large_image","twitter_misc":{"Tempo estimado de leitura":"2 minutos"},"schema":{"@context":"https:\/\/schema.org","@graph":[{"@type":"WebPage","@id":"https:\/\/hali-studio.pt\/sustainability\/","url":"https:\/\/hali-studio.pt\/sustainability\/","name":"Sustainability - Hali Studio - ethical and sustainable fashion","isPartOf":{"@id":"https:\/\/hali-studio.pt\/#website"},"datePublished":"2021-07-27T02:39:22+00:00","dateModified":"2023-09-11T23:53:12+00:00","breadcrumb":{"@id":"https:\/\/hali-studio.pt\/sustainability\/#breadcrumb"},"inLanguage":"pt-PT","potentialAction":[{"@type":"ReadAction","target":["https:\/\/hali-studio.pt\/sustainability\/"]}]},{"@type":"BreadcrumbList","@id":"https:\/\/hali-studio.pt\/sustainability\/#breadcrumb","itemListElement":[{"@type":"ListItem","position":1,"name":"Home","item":"https:\/\/hali-studio.pt\/"},{"@type":"ListItem","position":2,"name":"Sustainability"}]},{"@type":"WebSite","@id":"https:\/\/hali-studio.pt\/#website","url":"https:\/\/hali-studio.pt\/","name":"Hali Studio","description":"ethical and sustainable fashion","publisher":{"@id":"https:\/\/hali-studio.pt\/#organization"},"alternateName":"hali","potentialAction":[{"@type":"SearchAction","target":{"@type":"EntryPoint","urlTemplate":"https:\/\/hali-studio.pt\/?s={search_term_string}"},"query-input":{"@type":"PropertyValueSpecification","valueRequired":true,"valueName":"search_term_string"}}],"inLanguage":"pt-PT"},{"@type":"Organization","@id":"https:\/\/hali-studio.pt\/#organization","name":"Hali Studio","alternateName":"hali","url":"https:\/\/hali-studio.pt\/","logo":{"@type":"ImageObject","inLanguage":"pt-PT","@id":"https:\/\/hali-studio.pt\/#\/schema\/logo\/image\/","url":"https:\/\/hali-studio.pt\/wp-content\/uploads\/2022\/10\/Logo.png","contentUrl":"https:\/\/hali-studio.pt\/wp-content\/uploads\/2022\/10\/Logo.png","width":835,"height":409,"caption":"Hali Studio"},"image":{"@id":"https:\/\/hali-studio.pt\/#\/schema\/logo\/image\/"},"sameAs":["https:\/\/www.facebook.com\/halistudio.pt\/","https:\/\/www.instagram.com\/halistudio.pt\/"]}]}},"jetpack_sharing_enabled":true,"rttpg_featured_image_url":null,"rttpg_author":{"display_name":"In\u00eas Faria","author_link":"https:\/\/hali-studio.pt\/pt\/author\/ines-faria\/"},"rttpg_comment":0,"rttpg_category":null,"rttpg_excerpt":"Sustainability Materials All our materials are of Portuguese origin and are concerned with sustainability in their production. Our textile materials are materials produced in portuguese factories, with natural fibers, such as organic cotton, linen and wool, and materials from deadstocks, materials that have no use in the production chain of the company, but to us,&hellip;","_links":{"self":[{"href":"https:\/\/hali-studio.pt\/pt\/wp-json\/wp\/v2\/pages\/541","targetHints":{"allow":["GET"]}}],"collection":[{"href":"https:\/\/hali-studio.pt\/pt\/wp-json\/wp\/v2\/pages"}],"about":[{"href":"https:\/\/hali-studio.pt\/pt\/wp-json\/wp\/v2\/types\/page"}],"author":[{"embeddable":true,"href":"https:\/\/hali-studio.pt\/pt\/wp-json\/wp\/v2\/users\/1"}],"replies":[{"embeddable":true,"href":"https:\/\/hali-studio.pt\/pt\/wp-json\/wp\/v2\/comments?post=541"}],"version-history":[{"count":59,"href":"https:\/\/hali-studio.pt\/pt\/wp-json\/wp\/v2\/pages\/541\/revisions"}],"predecessor-version":[{"id":2989,"href":"https:\/\/hali-studio.pt\/pt\/wp-json\/wp\/v2\/pages\/541\/revisions\/2989"}],"wp:attachment":[{"href":"https:\/\/hali-studio.pt\/pt\/wp-json\/wp\/v2\/media?parent=541"}],"curies":[{"name":"wp","href":"https:\/\/api.w.org\/{rel}","templated":true}]}}