{"id":1956,"date":"2023-02-22T09:20:36","date_gmt":"2023-02-22T09:20:36","guid":{"rendered":"https:\/\/hali-studio.pt\/?post_type=product&#038;p=1956"},"modified":"2024-11-03T20:30:57","modified_gmt":"2024-11-03T20:30:57","slug":"satos-polo-shirt","status":"publish","type":"product","link":"https:\/\/hali-studio.pt\/pt\/produto\/satos-polo-shirt\/","title":{"rendered":"Satos Polo Shirt"},"content":{"rendered":"<p>Cuidados com o teu Satos Polo Shirt<\/p>\n<ul>\n<li>Pode ser feita lavagem na m\u00e1quina at\u00e9 30\u00ba, preferencialmente com cores semelhantes. O ferro deve estar na temperatura m\u00ednima, embora o material n\u00e3o precise ser passado muitas vezes. N\u00e3o utilizar lix\u00edvia. N\u00e3o secar na m\u00e1quina. N\u00e3o lavar a seco.<\/li>\n<\/ul>\n<p>&nbsp;<\/p>\n<p>Tamanho<\/p>\n<ul>\n<li>1\/2 Peito \u00a0 \u00a0 \u2013 \u00a0 \u00a0 XS \u2013 48cm | S \u2013 50cm | M \u2013 52cm | L \u2013 54cm | XL \u2013 56cm | XXL \u2013 58cm<\/li>\n<li>Comprimento \u00a0 \u00a0\u2013 \u00a0 \u00a0 XS \u2013 58cm | S \u2013 60cm | M \u2013 62cm | L \u2013 64cm | XL \u2013 66cm | XXL \u2013 68cm<\/li>\n<li>Comprimento de manga \u00a0 \u00a0\u2013 \u00a0 \u00a0 XS \u2013 60cm | S \u2013 61cm | M \u2013 62cm | L \u2013 63cm | XL \u2013 64cm | XXL \u2013 65cm<\/li>\n<\/ul>\n<p>&nbsp;<\/p>\n<p>Sustentabilidade e Transpar\u00eancia<\/p>\n<ul>\n<li>O Satos Polo Short \u00e9 feito de algod\u00e3o org\u00e2nico e linho.<\/li>\n<li>Usamos bot\u00f5es mais sustent\u00e1veis. Os bot\u00f5es do Satos Polo Shirt s\u00e3o feitos\u00a0<span style=\"font-size: 16px;\">80% produtos naturais da ind\u00fastria alimentar e\u00a0<\/span><span style=\"font-size: 16px;\">20% materiais t\u00e9cnicos.<\/span><\/li>\n<li>Porque valorizamos a ind\u00fastria portuguesa e a sua qualidade, todos os materiais que utilizamos s\u00e3o de fornecedores portugueses. Podes saber mais sobre os nossos fornecedores na sec\u00e7\u00e3o <a href=\"https:\/\/hali-studio.pt\/pt\/meet-our-factories\/\">Conhece as nossas f\u00e1bricas<\/a> .<\/li>\n<li>Pretendemos ser transparentes em rela\u00e7\u00e3o \u00e0 nossa produ\u00e7\u00e3o. Assim, todos os nossos produtos s\u00e3o acompanhados por um <a href=\"https:\/\/drive.google.com\/file\/d\/1Jn5GVREbEymd5LBpBlnl37NGAfJFOvYf\/view?usp=share_link\">roadmap de produ\u00e7\u00e3o<\/a>, com todas as f\u00e1bricas e componentes identificados.<\/li>\n<\/ul>","protected":false},"excerpt":{"rendered":"<p>Satos Polo Shirt \u00e9 um p\u00f3lo de malha bege, com manga comprida e oversized e tr\u00eas bot\u00f5es brancos, da cole\u00e7\u00e3o HALI Studio.<\/p>\n<p>Composi\u00e7\u00e3o<\/p>\n<ul>\n<li>80% Algod\u00e3o Org\u00e2nico<\/li>\n<li>20% Linho<\/li>\n<\/ul>\n<p>Bot\u00f5es<\/p>\n<ul>\n<li style=\"list-style-type: none;\">\n<ul>\n<li><span style=\"font-size: 16px;\">80% produtos naturais da ind\u00fastria alimentar<\/span><\/li>\n<li><span style=\"font-size: 16px;\">20% materiais t\u00e9cnicos<\/span><\/li>\n<\/ul>\n<\/li>\n<\/ul>","protected":false},"featured_media":1960,"template":"","meta":{"site-sidebar-layout":"default","site-content-layout":"default","ast-site-content-layout":"","site-content-style":"default","site-sidebar-style":"default","ast-global-header-display":"","ast-banner-title-visibility":"","ast-main-header-display":"","ast-hfb-above-header-display":"","ast-hfb-below-header-display":"","ast-hfb-mobile-header-display":"","site-post-title":"","ast-breadcrumbs-content":"","ast-featured-img":"","footer-sml-layout":"","theme-transparent-header-meta":"default","adv-header-id-meta":"","stick-header-meta":"","header-above-stick-meta":"","header-main-stick-meta":"","header-below-stick-meta":"","astra-migrate-meta-layouts":"default","ast-page-background-enabled":"default","ast-page-background-meta":{"desktop":{"background-color":"","background-image":"","background-repeat":"repeat","background-position":"center center","background-size":"auto","background-attachment":"scroll","background-type":"","background-media":"","overlay-type":"","overlay-color":"","overlay-opacity":"","overlay-gradient":""},"tablet":{"background-color":"","background-image":"","background-repeat":"repeat","background-position":"center center","background-size":"auto","background-attachment":"scroll","background-type":"","background-media":"","overlay-type":"","overlay-color":"","overlay-opacity":"","overlay-gradient":""},"mobile":{"background-color":"","background-image":"","background-repeat":"repeat","background-position":"center center","background-size":"auto","background-attachment":"scroll","background-type":"","background-media":"","overlay-type":"","overlay-color":"","overlay-opacity":"","overlay-gradient":""}},"ast-content-background-meta":{"desktop":{"background-color":"var(--ast-global-color-5)","background-image":"","background-repeat":"repeat","background-position":"center center","background-size":"auto","background-attachment":"scroll","background-type":"","background-media":"","overlay-type":"","overlay-color":"","overlay-opacity":"","overlay-gradient":""},"tablet":{"background-color":"var(--ast-global-color-5)","background-image":"","background-repeat":"repeat","background-position":"center center","background-size":"auto","background-attachment":"scroll","background-type":"","background-media":"","overlay-type":"","overlay-color":"","overlay-opacity":"","overlay-gradient":""},"mobile":{"background-color":"var(--ast-global-color-5)","background-image":"","background-repeat":"repeat","background-position":"center center","background-size":"auto","background-attachment":"scroll","background-type":"","background-media":"","overlay-type":"","overlay-color":"","overlay-opacity":"","overlay-gradient":""}}},"product_brand":[],"product_cat":[28,30,61],"product_tag":[],"class_list":{"0":"post-1956","1":"product","2":"type-product","3":"status-publish","4":"has-post-thumbnail","6":"product_cat-halistudio","7":"product_cat-tops","8":"product_cat-tops-all","9":"pa_size-xs","10":"pa_size-s","11":"pa_size-m","12":"pa_size-l","13":"pa_size-xl","14":"pa_size-xxl","15":"desktop-align-left","16":"tablet-align-left","17":"mobile-align-left","19":"first","20":"instock","21":"taxable","22":"shipping-taxable","23":"purchasable","24":"product-type-variable"},"yoast_head":"<!-- This site is optimized with the Yoast SEO plugin v26.6 - https:\/\/yoast.com\/wordpress\/plugins\/seo\/ -->\n<title>Satos Polo Shirt - Hali Studio - ethical and sustainable fashion<\/title>\n<meta name=\"description\" content=\"Satos Polo Shirt is a beige knit polo shirt, with long sleeves, three ecru buttons and oversized sleeves. Find more about our sustainable fashion options.\" \/>\n<meta name=\"robots\" content=\"index, follow, max-snippet:-1, max-image-preview:large, max-video-preview:-1\" \/>\n<link rel=\"canonical\" href=\"https:\/\/hali-studio.pt\/pt\/produto\/satos-polo-shirt\/\" \/>\n<meta property=\"og:locale\" content=\"pt_PT\" \/>\n<meta property=\"og:type\" content=\"article\" \/>\n<meta property=\"og:title\" content=\"Satos Polo Shirt - Hali Studio - ethical and sustainable fashion\" \/>\n<meta property=\"og:description\" content=\"Satos Polo Shirt is a beige knit polo shirt, with long sleeves, three ecru buttons and oversized sleeves. Find more about our sustainable fashion options.\" \/>\n<meta property=\"og:url\" content=\"https:\/\/hali-studio.pt\/pt\/produto\/satos-polo-shirt\/\" \/>\n<meta property=\"og:site_name\" content=\"Hali Studio - ethical and sustainable fashion\" \/>\n<meta property=\"article:publisher\" content=\"https:\/\/www.facebook.com\/halistudio.pt\/\" \/>\n<meta property=\"article:modified_time\" content=\"2024-11-03T20:30:57+00:00\" \/>\n<meta property=\"og:image\" content=\"https:\/\/hali-studio.pt\/wp-content\/uploads\/2023\/02\/Satos-Polo-Shirt-1-scaled.jpg\" \/>\n\t<meta property=\"og:image:width\" content=\"1707\" \/>\n\t<meta property=\"og:image:height\" content=\"2560\" \/>\n\t<meta property=\"og:image:type\" content=\"image\/jpeg\" \/>\n<meta name=\"twitter:card\" content=\"summary_large_image\" \/>\n<meta name=\"twitter:label1\" content=\"Tempo estimado de leitura\" \/>\n\t<meta name=\"twitter:data1\" content=\"2 minutos\" \/>\n<script type=\"application\/ld+json\" class=\"yoast-schema-graph\">{\"@context\":\"https:\/\/schema.org\",\"@graph\":[{\"@type\":\"WebPage\",\"@id\":\"https:\/\/hali-studio.pt\/product\/satos-polo-shirt\/\",\"url\":\"https:\/\/hali-studio.pt\/product\/satos-polo-shirt\/\",\"name\":\"Satos Polo Shirt - Hali Studio - ethical and sustainable fashion\",\"isPartOf\":{\"@id\":\"https:\/\/hali-studio.pt\/#website\"},\"primaryImageOfPage\":{\"@id\":\"https:\/\/hali-studio.pt\/product\/satos-polo-shirt\/#primaryimage\"},\"image\":{\"@id\":\"https:\/\/hali-studio.pt\/product\/satos-polo-shirt\/#primaryimage\"},\"thumbnailUrl\":\"https:\/\/hali-studio.pt\/wp-content\/uploads\/2023\/02\/Satos-Polo-Shirt-1-scaled.jpg\",\"datePublished\":\"2023-02-22T09:20:36+00:00\",\"dateModified\":\"2024-11-03T20:30:57+00:00\",\"description\":\"Satos Polo Shirt is a beige knit polo shirt, with long sleeves, three ecru buttons and oversized sleeves. Find more about our sustainable fashion options.\",\"breadcrumb\":{\"@id\":\"https:\/\/hali-studio.pt\/product\/satos-polo-shirt\/#breadcrumb\"},\"inLanguage\":\"pt-PT\",\"potentialAction\":[{\"@type\":\"ReadAction\",\"target\":[\"https:\/\/hali-studio.pt\/product\/satos-polo-shirt\/\"]}]},{\"@type\":\"ImageObject\",\"inLanguage\":\"pt-PT\",\"@id\":\"https:\/\/hali-studio.pt\/product\/satos-polo-shirt\/#primaryimage\",\"url\":\"https:\/\/hali-studio.pt\/wp-content\/uploads\/2023\/02\/Satos-Polo-Shirt-1-scaled.jpg\",\"contentUrl\":\"https:\/\/hali-studio.pt\/wp-content\/uploads\/2023\/02\/Satos-Polo-Shirt-1-scaled.jpg\",\"width\":1707,\"height\":2560,\"caption\":\"Beige knit polo shirt, with long sleeves, three ecru buttons and oversized sleeves.\"},{\"@type\":\"BreadcrumbList\",\"@id\":\"https:\/\/hali-studio.pt\/product\/satos-polo-shirt\/#breadcrumb\",\"itemListElement\":[{\"@type\":\"ListItem\",\"position\":1,\"name\":\"Home\",\"item\":\"https:\/\/hali-studio.pt\/\"},{\"@type\":\"ListItem\",\"position\":2,\"name\":\"Shop\",\"item\":\"https:\/\/hali-studio.pt\/shop\/\"},{\"@type\":\"ListItem\",\"position\":3,\"name\":\"Satos Polo Shirt\"}]},{\"@type\":\"WebSite\",\"@id\":\"https:\/\/hali-studio.pt\/#website\",\"url\":\"https:\/\/hali-studio.pt\/\",\"name\":\"Hali Studio\",\"description\":\"ethical and sustainable fashion\",\"publisher\":{\"@id\":\"https:\/\/hali-studio.pt\/#organization\"},\"alternateName\":\"hali\",\"potentialAction\":[{\"@type\":\"SearchAction\",\"target\":{\"@type\":\"EntryPoint\",\"urlTemplate\":\"https:\/\/hali-studio.pt\/?s={search_term_string}\"},\"query-input\":{\"@type\":\"PropertyValueSpecification\",\"valueRequired\":true,\"valueName\":\"search_term_string\"}}],\"inLanguage\":\"pt-PT\"},{\"@type\":\"Organization\",\"@id\":\"https:\/\/hali-studio.pt\/#organization\",\"name\":\"Hali Studio\",\"alternateName\":\"hali\",\"url\":\"https:\/\/hali-studio.pt\/\",\"logo\":{\"@type\":\"ImageObject\",\"inLanguage\":\"pt-PT\",\"@id\":\"https:\/\/hali-studio.pt\/#\/schema\/logo\/image\/\",\"url\":\"https:\/\/hali-studio.pt\/wp-content\/uploads\/2022\/10\/Logo.png\",\"contentUrl\":\"https:\/\/hali-studio.pt\/wp-content\/uploads\/2022\/10\/Logo.png\",\"width\":835,\"height\":409,\"caption\":\"Hali Studio\"},\"image\":{\"@id\":\"https:\/\/hali-studio.pt\/#\/schema\/logo\/image\/\"},\"sameAs\":[\"https:\/\/www.facebook.com\/halistudio.pt\/\",\"https:\/\/www.instagram.com\/halistudio.pt\/\"]}]}<\/script>\n<!-- \/ Yoast SEO plugin. -->","yoast_head_json":{"title":"Satos Polo Shirt - Hali Studio - ethical and sustainable fashion","description":"Satos Polo Shirt is a beige knit polo shirt, with long sleeves, three ecru buttons and oversized sleeves. Find more about our sustainable fashion options.","robots":{"index":"index","follow":"follow","max-snippet":"max-snippet:-1","max-image-preview":"max-image-preview:large","max-video-preview":"max-video-preview:-1"},"canonical":"https:\/\/hali-studio.pt\/pt\/produto\/satos-polo-shirt\/","og_locale":"pt_PT","og_type":"article","og_title":"Satos Polo Shirt - Hali Studio - ethical and sustainable fashion","og_description":"Satos Polo Shirt is a beige knit polo shirt, with long sleeves, three ecru buttons and oversized sleeves. Find more about our sustainable fashion options.","og_url":"https:\/\/hali-studio.pt\/pt\/produto\/satos-polo-shirt\/","og_site_name":"Hali Studio - ethical and sustainable fashion","article_publisher":"https:\/\/www.facebook.com\/halistudio.pt\/","article_modified_time":"2024-11-03T20:30:57+00:00","og_image":[{"width":1707,"height":2560,"url":"https:\/\/hali-studio.pt\/wp-content\/uploads\/2023\/02\/Satos-Polo-Shirt-1-scaled.jpg","type":"image\/jpeg"}],"twitter_card":"summary_large_image","twitter_misc":{"Tempo estimado de leitura":"2 minutos"},"schema":{"@context":"https:\/\/schema.org","@graph":[{"@type":"WebPage","@id":"https:\/\/hali-studio.pt\/product\/satos-polo-shirt\/","url":"https:\/\/hali-studio.pt\/product\/satos-polo-shirt\/","name":"Satos Polo Shirt - Hali Studio - ethical and sustainable fashion","isPartOf":{"@id":"https:\/\/hali-studio.pt\/#website"},"primaryImageOfPage":{"@id":"https:\/\/hali-studio.pt\/product\/satos-polo-shirt\/#primaryimage"},"image":{"@id":"https:\/\/hali-studio.pt\/product\/satos-polo-shirt\/#primaryimage"},"thumbnailUrl":"https:\/\/hali-studio.pt\/wp-content\/uploads\/2023\/02\/Satos-Polo-Shirt-1-scaled.jpg","datePublished":"2023-02-22T09:20:36+00:00","dateModified":"2024-11-03T20:30:57+00:00","description":"Satos Polo Shirt is a beige knit polo shirt, with long sleeves, three ecru buttons and oversized sleeves. Find more about our sustainable fashion options.","breadcrumb":{"@id":"https:\/\/hali-studio.pt\/product\/satos-polo-shirt\/#breadcrumb"},"inLanguage":"pt-PT","potentialAction":[{"@type":"ReadAction","target":["https:\/\/hali-studio.pt\/product\/satos-polo-shirt\/"]}]},{"@type":"ImageObject","inLanguage":"pt-PT","@id":"https:\/\/hali-studio.pt\/product\/satos-polo-shirt\/#primaryimage","url":"https:\/\/hali-studio.pt\/wp-content\/uploads\/2023\/02\/Satos-Polo-Shirt-1-scaled.jpg","contentUrl":"https:\/\/hali-studio.pt\/wp-content\/uploads\/2023\/02\/Satos-Polo-Shirt-1-scaled.jpg","width":1707,"height":2560,"caption":"Beige knit polo shirt, with long sleeves, three ecru buttons and oversized sleeves."},{"@type":"BreadcrumbList","@id":"https:\/\/hali-studio.pt\/product\/satos-polo-shirt\/#breadcrumb","itemListElement":[{"@type":"ListItem","position":1,"name":"Home","item":"https:\/\/hali-studio.pt\/"},{"@type":"ListItem","position":2,"name":"Shop","item":"https:\/\/hali-studio.pt\/shop\/"},{"@type":"ListItem","position":3,"name":"Satos Polo Shirt"}]},{"@type":"WebSite","@id":"https:\/\/hali-studio.pt\/#website","url":"https:\/\/hali-studio.pt\/","name":"Hali Studio","description":"ethical and sustainable fashion","publisher":{"@id":"https:\/\/hali-studio.pt\/#organization"},"alternateName":"hali","potentialAction":[{"@type":"SearchAction","target":{"@type":"EntryPoint","urlTemplate":"https:\/\/hali-studio.pt\/?s={search_term_string}"},"query-input":{"@type":"PropertyValueSpecification","valueRequired":true,"valueName":"search_term_string"}}],"inLanguage":"pt-PT"},{"@type":"Organization","@id":"https:\/\/hali-studio.pt\/#organization","name":"Hali Studio","alternateName":"hali","url":"https:\/\/hali-studio.pt\/","logo":{"@type":"ImageObject","inLanguage":"pt-PT","@id":"https:\/\/hali-studio.pt\/#\/schema\/logo\/image\/","url":"https:\/\/hali-studio.pt\/wp-content\/uploads\/2022\/10\/Logo.png","contentUrl":"https:\/\/hali-studio.pt\/wp-content\/uploads\/2022\/10\/Logo.png","width":835,"height":409,"caption":"Hali Studio"},"image":{"@id":"https:\/\/hali-studio.pt\/#\/schema\/logo\/image\/"},"sameAs":["https:\/\/www.facebook.com\/halistudio.pt\/","https:\/\/www.instagram.com\/halistudio.pt\/"]}]}},"jetpack_sharing_enabled":true,"_links":{"self":[{"href":"https:\/\/hali-studio.pt\/pt\/wp-json\/wp\/v2\/product\/1956","targetHints":{"allow":["GET"]}}],"collection":[{"href":"https:\/\/hali-studio.pt\/pt\/wp-json\/wp\/v2\/product"}],"about":[{"href":"https:\/\/hali-studio.pt\/pt\/wp-json\/wp\/v2\/types\/product"}],"wp:featuredmedia":[{"embeddable":true,"href":"https:\/\/hali-studio.pt\/pt\/wp-json\/wp\/v2\/media\/1960"}],"wp:attachment":[{"href":"https:\/\/hali-studio.pt\/pt\/wp-json\/wp\/v2\/media?parent=1956"}],"wp:term":[{"taxonomy":"product_brand","embeddable":true,"href":"https:\/\/hali-studio.pt\/pt\/wp-json\/wp\/v2\/product_brand?post=1956"},{"taxonomy":"product_cat","embeddable":true,"href":"https:\/\/hali-studio.pt\/pt\/wp-json\/wp\/v2\/product_cat?post=1956"},{"taxonomy":"product_tag","embeddable":true,"href":"https:\/\/hali-studio.pt\/pt\/wp-json\/wp\/v2\/product_tag?post=1956"}],"curies":[{"name":"wp","href":"https:\/\/api.w.org\/{rel}","templated":true}]}}