{"id":2462,"date":"2023-03-20T02:34:35","date_gmt":"2023-03-20T02:34:35","guid":{"rendered":"https:\/\/hali-studio.pt\/?post_type=product&#038;p=2462"},"modified":"2026-03-08T22:30:43","modified_gmt":"2026-03-08T22:30:43","slug":"sampah-skirt","status":"publish","type":"product","link":"https:\/\/hali-studio.pt\/pt\/produto\/sampah-skirt\/","title":{"rendered":"Sampah Skirt"},"content":{"rendered":"<p>Cuidados com a tua Sampah Skirt<\/p>\n<ul>\n<li>Pode ser feita lavagem na m\u00e1quina at\u00e9 40\u00ba, preferencialmente com cores semelhantes. Lavagem de baixa centrifuga\u00e7\u00e3o. Pode ser passado a ferro com temperatura m\u00e9dia. N\u00e3o utilizar lix\u00edvia.<\/li>\n<\/ul>\n<p>&nbsp;<\/p>\n<p>Sustentabilidade e Transpar\u00eancia<\/p>\n<ul>\n<li>A nossa Sampah Skirt \u00e9 feita de materiais de deadstock e est\u00e1 dispon\u00edvel em tr\u00eas cores diferentes. Por esta raz\u00e3o, este produto est\u00e1 dispon\u00edvel em quantidades muito limitadas.<\/li>\n<li>Porque valorizamos a ind\u00fastria portuguesa e a sua qualidade, todos os materiais que utilizamos s\u00e3o de fornecedores portugueses. Podes saber mais sobre os nossos fornecedores na sec\u00e7\u00e3o <a href=\"https:\/\/hali-studio.pt\/pt\/meet-our-factories\/\">Conhece as nossas f\u00e1bricas<\/a> .<\/li>\n<li>Pretendemos ser transparentes em rela\u00e7\u00e3o \u00e0 nossa produ\u00e7\u00e3o. Assim, todos os nossos produtos s\u00e3o acompanhados por um <a href=\"https:\/\/drive.google.com\/file\/d\/1SN4_s8P4SXEu30_iRX4-N2doquhQ6HkB\/view?usp=share_link\">roadmap de produ\u00e7\u00e3o<\/a>, com todas as f\u00e1bricas e componentes identificados.<\/li>\n<\/ul>","protected":false},"excerpt":{"rendered":"<p>Sampah Skirt \u00e9 uma saia comprida, com uma abertura frontal, parte da cole\u00e7\u00e3o HALI Studio. A Sampah Skirt \u00e9 feita de materiais de deadstock e est\u00e1 dispon\u00edvel em tr\u00eas cores.<\/p>\n<p>Composi\u00e7\u00e3o<\/p>\n<ul>\n<li>Verde Escuro: 64% Poli\u00e9ster 27% Viscose 6% Algod\u00e3o 3% Elastano<\/li>\n<li>Branco com Quadrados Pretos: 72% Poli\u00e9ster 27% Viscose 1% Elastano<\/li>\n<li>Rosa Claro: 52% Poli\u00e9ster 44% Algod\u00e3o 4% Elastano<\/li>\n<\/ul>\n<div class=\"page\" title=\"Page 1\">\n<div class=\"section\">\n<div class=\"layoutArea\"><\/div>\n<\/div>\n<\/div>","protected":false},"featured_media":2491,"template":"","meta":{"site-sidebar-layout":"default","site-content-layout":"default","ast-site-content-layout":"default","site-content-style":"default","site-sidebar-style":"default","ast-global-header-display":"","ast-banner-title-visibility":"","ast-main-header-display":"","ast-hfb-above-header-display":"","ast-hfb-below-header-display":"","ast-hfb-mobile-header-display":"","site-post-title":"","ast-breadcrumbs-content":"","ast-featured-img":"","footer-sml-layout":"","theme-transparent-header-meta":"default","adv-header-id-meta":"","stick-header-meta":"","header-above-stick-meta":"","header-main-stick-meta":"","header-below-stick-meta":"","astra-migrate-meta-layouts":"set","ast-page-background-enabled":"default","ast-page-background-meta":{"desktop":{"background-color":"","background-image":"","background-repeat":"repeat","background-position":"center center","background-size":"auto","background-attachment":"scroll","background-type":"","background-media":"","overlay-type":"","overlay-color":"","overlay-opacity":"","overlay-gradient":""},"tablet":{"background-color":"","background-image":"","background-repeat":"repeat","background-position":"center center","background-size":"auto","background-attachment":"scroll","background-type":"","background-media":"","overlay-type":"","overlay-color":"","overlay-opacity":"","overlay-gradient":""},"mobile":{"background-color":"","background-image":"","background-repeat":"repeat","background-position":"center center","background-size":"auto","background-attachment":"scroll","background-type":"","background-media":"","overlay-type":"","overlay-color":"","overlay-opacity":"","overlay-gradient":""}},"ast-content-background-meta":{"desktop":{"background-color":"var(--ast-global-color-5)","background-image":"","background-repeat":"repeat","background-position":"center center","background-size":"auto","background-attachment":"scroll","background-type":"","background-media":"","overlay-type":"","overlay-color":"","overlay-opacity":"","overlay-gradient":""},"tablet":{"background-color":"var(--ast-global-color-5)","background-image":"","background-repeat":"repeat","background-position":"center center","background-size":"auto","background-attachment":"scroll","background-type":"","background-media":"","overlay-type":"","overlay-color":"","overlay-opacity":"","overlay-gradient":""},"mobile":{"background-color":"var(--ast-global-color-5)","background-image":"","background-repeat":"repeat","background-position":"center center","background-size":"auto","background-attachment":"scroll","background-type":"","background-media":"","overlay-type":"","overlay-color":"","overlay-opacity":"","overlay-gradient":""}}},"product_brand":[],"product_cat":[31,55,28],"product_tag":[],"class_list":{"0":"post-2462","1":"product","2":"type-product","3":"status-publish","4":"has-post-thumbnail","6":"product_cat-bottoms","7":"product_cat-bottoms-all","8":"product_cat-halistudio","9":"pa_color-dark-green","10":"pa_color-light-pink","11":"pa_color-white-with-black-squares","12":"pa_size-xs","13":"pa_size-s","14":"pa_size-m","15":"pa_size-l","16":"pa_size-xl","17":"pa_size-xxl","18":"pa_size-1xl","19":"pa_size-2xl","20":"pa_size-3xl","21":"pa_size-4xl","22":"desktop-align-left","23":"tablet-align-left","24":"mobile-align-left","26":"first","27":"instock","28":"taxable","29":"shipping-taxable","30":"purchasable","31":"product-type-variable"},"yoast_head":"<!-- This site is optimized with the Yoast SEO plugin v26.6 - https:\/\/yoast.com\/wordpress\/plugins\/seo\/ -->\n<title>Sampah Skirt - Hali Studio - ethical and sustainable fashion<\/title>\n<meta name=\"description\" content=\"Sampah Skirt is a long skirt with front opening and side zipper, in three color options. Find more about our sustainable fashion options.\" \/>\n<meta name=\"robots\" content=\"index, follow, max-snippet:-1, max-image-preview:large, max-video-preview:-1\" \/>\n<link rel=\"canonical\" href=\"https:\/\/hali-studio.pt\/pt\/produto\/sampah-skirt\/\" \/>\n<meta property=\"og:locale\" content=\"pt_PT\" \/>\n<meta property=\"og:type\" content=\"article\" \/>\n<meta property=\"og:title\" content=\"Sampah Skirt - Hali Studio - ethical and sustainable fashion\" \/>\n<meta property=\"og:description\" content=\"Sampah Skirt is a long skirt with front opening and side zipper, in three color options. Find more about our sustainable fashion options.\" \/>\n<meta property=\"og:url\" content=\"https:\/\/hali-studio.pt\/pt\/produto\/sampah-skirt\/\" \/>\n<meta property=\"og:site_name\" content=\"Hali Studio - ethical and sustainable fashion\" \/>\n<meta property=\"article:publisher\" content=\"https:\/\/www.facebook.com\/halistudio.pt\/\" \/>\n<meta property=\"article:modified_time\" content=\"2026-03-08T22:30:43+00:00\" \/>\n<meta property=\"og:image\" content=\"https:\/\/hali-studio.pt\/wp-content\/uploads\/2023\/03\/Sampah-Skirt-5-scaled.jpg\" \/>\n\t<meta property=\"og:image:width\" content=\"1709\" \/>\n\t<meta property=\"og:image:height\" content=\"2560\" \/>\n\t<meta property=\"og:image:type\" content=\"image\/jpeg\" \/>\n<meta name=\"twitter:card\" content=\"summary_large_image\" \/>\n<meta name=\"twitter:label1\" content=\"Tempo estimado de leitura\" \/>\n\t<meta name=\"twitter:data1\" content=\"1 minuto\" \/>\n<script type=\"application\/ld+json\" class=\"yoast-schema-graph\">{\"@context\":\"https:\/\/schema.org\",\"@graph\":[{\"@type\":\"WebPage\",\"@id\":\"https:\/\/hali-studio.pt\/product\/sampah-skirt\/\",\"url\":\"https:\/\/hali-studio.pt\/product\/sampah-skirt\/\",\"name\":\"Sampah Skirt - Hali Studio - ethical and sustainable fashion\",\"isPartOf\":{\"@id\":\"https:\/\/hali-studio.pt\/#website\"},\"primaryImageOfPage\":{\"@id\":\"https:\/\/hali-studio.pt\/product\/sampah-skirt\/#primaryimage\"},\"image\":{\"@id\":\"https:\/\/hali-studio.pt\/product\/sampah-skirt\/#primaryimage\"},\"thumbnailUrl\":\"https:\/\/hali-studio.pt\/wp-content\/uploads\/2023\/03\/Sampah-Skirt-5-scaled.jpg\",\"datePublished\":\"2023-03-20T02:34:35+00:00\",\"dateModified\":\"2026-03-08T22:30:43+00:00\",\"description\":\"Sampah Skirt is a long skirt with front opening and side zipper, in three color options. Find more about our sustainable fashion options.\",\"breadcrumb\":{\"@id\":\"https:\/\/hali-studio.pt\/product\/sampah-skirt\/#breadcrumb\"},\"inLanguage\":\"pt-PT\",\"potentialAction\":[{\"@type\":\"ReadAction\",\"target\":[\"https:\/\/hali-studio.pt\/product\/sampah-skirt\/\"]}]},{\"@type\":\"ImageObject\",\"inLanguage\":\"pt-PT\",\"@id\":\"https:\/\/hali-studio.pt\/product\/sampah-skirt\/#primaryimage\",\"url\":\"https:\/\/hali-studio.pt\/wp-content\/uploads\/2023\/03\/Sampah-Skirt-5-scaled.jpg\",\"contentUrl\":\"https:\/\/hali-studio.pt\/wp-content\/uploads\/2023\/03\/Sampah-Skirt-5-scaled.jpg\",\"width\":1709,\"height\":2560,\"caption\":\"Sampah Skirt\"},{\"@type\":\"BreadcrumbList\",\"@id\":\"https:\/\/hali-studio.pt\/product\/sampah-skirt\/#breadcrumb\",\"itemListElement\":[{\"@type\":\"ListItem\",\"position\":1,\"name\":\"Home\",\"item\":\"https:\/\/hali-studio.pt\/\"},{\"@type\":\"ListItem\",\"position\":2,\"name\":\"Shop\",\"item\":\"https:\/\/hali-studio.pt\/shop\/\"},{\"@type\":\"ListItem\",\"position\":3,\"name\":\"Sampah Skirt\"}]},{\"@type\":\"WebSite\",\"@id\":\"https:\/\/hali-studio.pt\/#website\",\"url\":\"https:\/\/hali-studio.pt\/\",\"name\":\"Hali Studio\",\"description\":\"ethical and sustainable fashion\",\"publisher\":{\"@id\":\"https:\/\/hali-studio.pt\/#organization\"},\"alternateName\":\"hali\",\"potentialAction\":[{\"@type\":\"SearchAction\",\"target\":{\"@type\":\"EntryPoint\",\"urlTemplate\":\"https:\/\/hali-studio.pt\/?s={search_term_string}\"},\"query-input\":{\"@type\":\"PropertyValueSpecification\",\"valueRequired\":true,\"valueName\":\"search_term_string\"}}],\"inLanguage\":\"pt-PT\"},{\"@type\":\"Organization\",\"@id\":\"https:\/\/hali-studio.pt\/#organization\",\"name\":\"Hali Studio\",\"alternateName\":\"hali\",\"url\":\"https:\/\/hali-studio.pt\/\",\"logo\":{\"@type\":\"ImageObject\",\"inLanguage\":\"pt-PT\",\"@id\":\"https:\/\/hali-studio.pt\/#\/schema\/logo\/image\/\",\"url\":\"https:\/\/hali-studio.pt\/wp-content\/uploads\/2022\/10\/Logo.png\",\"contentUrl\":\"https:\/\/hali-studio.pt\/wp-content\/uploads\/2022\/10\/Logo.png\",\"width\":835,\"height\":409,\"caption\":\"Hali Studio\"},\"image\":{\"@id\":\"https:\/\/hali-studio.pt\/#\/schema\/logo\/image\/\"},\"sameAs\":[\"https:\/\/www.facebook.com\/halistudio.pt\/\",\"https:\/\/www.instagram.com\/halistudio.pt\/\"]}]}<\/script>\n<!-- \/ Yoast SEO plugin. -->","yoast_head_json":{"title":"Sampah Skirt - Hali Studio - ethical and sustainable fashion","description":"Sampah Skirt is a long skirt with front opening and side zipper, in three color options. Find more about our sustainable fashion options.","robots":{"index":"index","follow":"follow","max-snippet":"max-snippet:-1","max-image-preview":"max-image-preview:large","max-video-preview":"max-video-preview:-1"},"canonical":"https:\/\/hali-studio.pt\/pt\/produto\/sampah-skirt\/","og_locale":"pt_PT","og_type":"article","og_title":"Sampah Skirt - Hali Studio - ethical and sustainable fashion","og_description":"Sampah Skirt is a long skirt with front opening and side zipper, in three color options. Find more about our sustainable fashion options.","og_url":"https:\/\/hali-studio.pt\/pt\/produto\/sampah-skirt\/","og_site_name":"Hali Studio - ethical and sustainable fashion","article_publisher":"https:\/\/www.facebook.com\/halistudio.pt\/","article_modified_time":"2026-03-08T22:30:43+00:00","og_image":[{"width":1709,"height":2560,"url":"https:\/\/hali-studio.pt\/wp-content\/uploads\/2023\/03\/Sampah-Skirt-5-scaled.jpg","type":"image\/jpeg"}],"twitter_card":"summary_large_image","twitter_misc":{"Tempo estimado de leitura":"1 minuto"},"schema":{"@context":"https:\/\/schema.org","@graph":[{"@type":"WebPage","@id":"https:\/\/hali-studio.pt\/product\/sampah-skirt\/","url":"https:\/\/hali-studio.pt\/product\/sampah-skirt\/","name":"Sampah Skirt - Hali Studio - ethical and sustainable fashion","isPartOf":{"@id":"https:\/\/hali-studio.pt\/#website"},"primaryImageOfPage":{"@id":"https:\/\/hali-studio.pt\/product\/sampah-skirt\/#primaryimage"},"image":{"@id":"https:\/\/hali-studio.pt\/product\/sampah-skirt\/#primaryimage"},"thumbnailUrl":"https:\/\/hali-studio.pt\/wp-content\/uploads\/2023\/03\/Sampah-Skirt-5-scaled.jpg","datePublished":"2023-03-20T02:34:35+00:00","dateModified":"2026-03-08T22:30:43+00:00","description":"Sampah Skirt is a long skirt with front opening and side zipper, in three color options. Find more about our sustainable fashion options.","breadcrumb":{"@id":"https:\/\/hali-studio.pt\/product\/sampah-skirt\/#breadcrumb"},"inLanguage":"pt-PT","potentialAction":[{"@type":"ReadAction","target":["https:\/\/hali-studio.pt\/product\/sampah-skirt\/"]}]},{"@type":"ImageObject","inLanguage":"pt-PT","@id":"https:\/\/hali-studio.pt\/product\/sampah-skirt\/#primaryimage","url":"https:\/\/hali-studio.pt\/wp-content\/uploads\/2023\/03\/Sampah-Skirt-5-scaled.jpg","contentUrl":"https:\/\/hali-studio.pt\/wp-content\/uploads\/2023\/03\/Sampah-Skirt-5-scaled.jpg","width":1709,"height":2560,"caption":"Sampah Skirt"},{"@type":"BreadcrumbList","@id":"https:\/\/hali-studio.pt\/product\/sampah-skirt\/#breadcrumb","itemListElement":[{"@type":"ListItem","position":1,"name":"Home","item":"https:\/\/hali-studio.pt\/"},{"@type":"ListItem","position":2,"name":"Shop","item":"https:\/\/hali-studio.pt\/shop\/"},{"@type":"ListItem","position":3,"name":"Sampah Skirt"}]},{"@type":"WebSite","@id":"https:\/\/hali-studio.pt\/#website","url":"https:\/\/hali-studio.pt\/","name":"Hali Studio","description":"ethical and sustainable fashion","publisher":{"@id":"https:\/\/hali-studio.pt\/#organization"},"alternateName":"hali","potentialAction":[{"@type":"SearchAction","target":{"@type":"EntryPoint","urlTemplate":"https:\/\/hali-studio.pt\/?s={search_term_string}"},"query-input":{"@type":"PropertyValueSpecification","valueRequired":true,"valueName":"search_term_string"}}],"inLanguage":"pt-PT"},{"@type":"Organization","@id":"https:\/\/hali-studio.pt\/#organization","name":"Hali Studio","alternateName":"hali","url":"https:\/\/hali-studio.pt\/","logo":{"@type":"ImageObject","inLanguage":"pt-PT","@id":"https:\/\/hali-studio.pt\/#\/schema\/logo\/image\/","url":"https:\/\/hali-studio.pt\/wp-content\/uploads\/2022\/10\/Logo.png","contentUrl":"https:\/\/hali-studio.pt\/wp-content\/uploads\/2022\/10\/Logo.png","width":835,"height":409,"caption":"Hali Studio"},"image":{"@id":"https:\/\/hali-studio.pt\/#\/schema\/logo\/image\/"},"sameAs":["https:\/\/www.facebook.com\/halistudio.pt\/","https:\/\/www.instagram.com\/halistudio.pt\/"]}]}},"jetpack_sharing_enabled":true,"_links":{"self":[{"href":"https:\/\/hali-studio.pt\/pt\/wp-json\/wp\/v2\/product\/2462","targetHints":{"allow":["GET"]}}],"collection":[{"href":"https:\/\/hali-studio.pt\/pt\/wp-json\/wp\/v2\/product"}],"about":[{"href":"https:\/\/hali-studio.pt\/pt\/wp-json\/wp\/v2\/types\/product"}],"wp:featuredmedia":[{"embeddable":true,"href":"https:\/\/hali-studio.pt\/pt\/wp-json\/wp\/v2\/media\/2491"}],"wp:attachment":[{"href":"https:\/\/hali-studio.pt\/pt\/wp-json\/wp\/v2\/media?parent=2462"}],"wp:term":[{"taxonomy":"product_brand","embeddable":true,"href":"https:\/\/hali-studio.pt\/pt\/wp-json\/wp\/v2\/product_brand?post=2462"},{"taxonomy":"product_cat","embeddable":true,"href":"https:\/\/hali-studio.pt\/pt\/wp-json\/wp\/v2\/product_cat?post=2462"},{"taxonomy":"product_tag","embeddable":true,"href":"https:\/\/hali-studio.pt\/pt\/wp-json\/wp\/v2\/product_tag?post=2462"}],"curies":[{"name":"wp","href":"https:\/\/api.w.org\/{rel}","templated":true}]}}