{"id":2628,"date":"2023-03-22T00:03:52","date_gmt":"2023-03-22T00:03:52","guid":{"rendered":"https:\/\/hali-studio.pt\/?post_type=product&#038;p=2628"},"modified":"2026-03-08T22:36:39","modified_gmt":"2026-03-08T22:36:39","slug":"uraqi-blazer","status":"publish","type":"product","link":"https:\/\/hali-studio.pt\/pt\/produto\/uraqi-blazer\/","title":{"rendered":"Uraqi Blazer"},"content":{"rendered":"<p>Cuidados com o teu Uraqi Blazer<\/p>\n<ul>\n<li>Pode ser feita lavagem na m\u00e1quina at\u00e9 30\u00ba, preferencialmente com cores semelhantes. Lavagem de baixa centrifuga\u00e7\u00e3o. Pode ser passado a ferro com temperatura m\u00e1xima. N\u00e3o utilizar lix\u00edvia. N\u00e3o secar na m\u00e1quina. N\u00e3o lavar a seco.<\/li>\n<\/ul>\n<p>&nbsp;<\/p>\n<p>Sustentabilidade e Transpar\u00eancia<\/p>\n<ul>\n<li>O Uraqi Blazer \u00e9 feito de linho branco.<\/li>\n<li>Usamos bot\u00f5es mais sustent\u00e1veis. Os bot\u00f5es verdes s\u00e3o feitos de<span style=\"font-size: 16px;\">componentes reciclados, resina de poli\u00e9ster, leite em p\u00f3, plastificantes e corante e os bot\u00f5es azuis s\u00e3o feitos de fibras de algod\u00e3o e poli\u00e9ster reciclado obtido atrav\u00e9s da recupera\u00e7\u00e3o e reciclagem de outros materiais.<\/span><\/li>\n<li>Porque valorizamos a ind\u00fastria portuguesa e a sua qualidade, todos os materiais que utilizamos s\u00e3o de fornecedores portugueses. Podes saber mais sobre os nossos fornecedores na sec\u00e7\u00e3o <a href=\"https:\/\/hali-studio.pt\/pt\/meet-our-factories\/\">Conhece as nossas f\u00e1bricas<\/a> .<\/li>\n<li>Pretendemos ser transparentes em rela\u00e7\u00e3o \u00e0 nossa produ\u00e7\u00e3o. Assim, todos os nossos produtos s\u00e3o acompanhados por um <a href=\"https:\/\/drive.google.com\/file\/d\/1Uc8aLTIkllpx7hN_DfQ8Zxd2rBav3EdE\/view?usp=share_link\">roadmap de produ\u00e7\u00e3o<\/a>, com todas as f\u00e1bricas e componentes identificados.<\/li>\n<\/ul>","protected":false},"excerpt":{"rendered":"<p>Uraqi Blazer, da cole\u00e7\u00e3o HALI Studio, \u00e9 um blazer oversized de linho branco com forro de algod\u00e3o org\u00e2nico e dois bolsos. O blazer possui 4 bot\u00f5es frontais, um bot\u00e3o interno e dois em cada manga. Existem duas op\u00e7\u00f5es de cores para os bot\u00f5es: azul e verde.<\/p>\n<p>Composi\u00e7\u00e3o<\/p>\n<ul>\n<li>100% Linho<\/li>\n<\/ul>\n<p>Bot\u00f5es<\/p>\n<ul>\n<li>Bot\u00f5es azuis \u2013\u00a0<span style=\"font-size: 16px;\">Fibras de algod\u00e3o &amp; Poli\u00e9ster reciclado obtido atrav\u00e9s da recupera\u00e7\u00e3o e reciclagem de outros materiais<\/span><\/li>\n<li>Bot\u00f5es verdes \u2013\u00a0<span style=\"font-size: 16px;\">Componentes reciclados (45-55%), Resina de poli\u00e9ster (30-40%), Leite em p\u00f3 (5-10%) &amp; Plastificantes e corantes (3-5%)<\/span><\/li>\n<\/ul>","protected":false},"featured_media":2647,"template":"","meta":{"site-sidebar-layout":"default","site-content-layout":"default","ast-site-content-layout":"default","site-content-style":"default","site-sidebar-style":"default","ast-global-header-display":"","ast-banner-title-visibility":"","ast-main-header-display":"","ast-hfb-above-header-display":"","ast-hfb-below-header-display":"","ast-hfb-mobile-header-display":"","site-post-title":"","ast-breadcrumbs-content":"","ast-featured-img":"","footer-sml-layout":"","theme-transparent-header-meta":"default","adv-header-id-meta":"","stick-header-meta":"","header-above-stick-meta":"","header-main-stick-meta":"","header-below-stick-meta":"","astra-migrate-meta-layouts":"set","ast-page-background-enabled":"default","ast-page-background-meta":{"desktop":{"background-color":"","background-image":"","background-repeat":"repeat","background-position":"center center","background-size":"auto","background-attachment":"scroll","background-type":"","background-media":"","overlay-type":"","overlay-color":"","overlay-opacity":"","overlay-gradient":""},"tablet":{"background-color":"","background-image":"","background-repeat":"repeat","background-position":"center center","background-size":"auto","background-attachment":"scroll","background-type":"","background-media":"","overlay-type":"","overlay-color":"","overlay-opacity":"","overlay-gradient":""},"mobile":{"background-color":"","background-image":"","background-repeat":"repeat","background-position":"center center","background-size":"auto","background-attachment":"scroll","background-type":"","background-media":"","overlay-type":"","overlay-color":"","overlay-opacity":"","overlay-gradient":""}},"ast-content-background-meta":{"desktop":{"background-color":"var(--ast-global-color-5)","background-image":"","background-repeat":"repeat","background-position":"center center","background-size":"auto","background-attachment":"scroll","background-type":"","background-media":"","overlay-type":"","overlay-color":"","overlay-opacity":"","overlay-gradient":""},"tablet":{"background-color":"var(--ast-global-color-5)","background-image":"","background-repeat":"repeat","background-position":"center center","background-size":"auto","background-attachment":"scroll","background-type":"","background-media":"","overlay-type":"","overlay-color":"","overlay-opacity":"","overlay-gradient":""},"mobile":{"background-color":"var(--ast-global-color-5)","background-image":"","background-repeat":"repeat","background-position":"center center","background-size":"auto","background-attachment":"scroll","background-type":"","background-media":"","overlay-type":"","overlay-color":"","overlay-opacity":"","overlay-gradient":""}}},"product_brand":[],"product_cat":[33,59,28],"product_tag":[],"class_list":{"0":"post-2628","1":"product","2":"type-product","3":"status-publish","4":"has-post-thumbnail","6":"product_cat-coatsjackets","7":"product_cat-coatsandjackets-all","8":"product_cat-halistudio","9":"pa_color-white-with-blue-buttons","10":"pa_color-white-with-green-buttons","11":"pa_size-xs","12":"pa_size-s","13":"pa_size-m","14":"pa_size-l","15":"pa_size-xl","16":"pa_size-xxl","17":"pa_size-1xl","18":"pa_size-2xl","19":"pa_size-3xl","20":"pa_size-4xl","21":"desktop-align-left","22":"tablet-align-left","23":"mobile-align-left","25":"first","26":"instock","27":"taxable","28":"shipping-taxable","29":"purchasable","30":"product-type-variable"},"yoast_head":"<!-- This site is optimized with the Yoast SEO plugin v26.6 - https:\/\/yoast.com\/wordpress\/plugins\/seo\/ -->\n<title>Uraqi Blazer - Hali Studio - ethical and sustainable fashion<\/title>\n<meta name=\"description\" content=\"Uraqi Blazer is a oversized white linen blazer with organic cotton lining and two pockets. Find more about our sustainable fashion options.\" \/>\n<meta name=\"robots\" content=\"index, follow, max-snippet:-1, max-image-preview:large, max-video-preview:-1\" \/>\n<link rel=\"canonical\" href=\"https:\/\/hali-studio.pt\/pt\/produto\/uraqi-blazer\/\" \/>\n<meta property=\"og:locale\" content=\"pt_PT\" \/>\n<meta property=\"og:type\" content=\"article\" \/>\n<meta property=\"og:title\" content=\"Uraqi Blazer - Hali Studio - ethical and sustainable fashion\" \/>\n<meta property=\"og:description\" content=\"Uraqi Blazer is a oversized white linen blazer with organic cotton lining and two pockets. Find more about our sustainable fashion options.\" \/>\n<meta property=\"og:url\" content=\"https:\/\/hali-studio.pt\/pt\/produto\/uraqi-blazer\/\" \/>\n<meta property=\"og:site_name\" content=\"Hali Studio - ethical and sustainable fashion\" \/>\n<meta property=\"article:publisher\" content=\"https:\/\/www.facebook.com\/halistudio.pt\/\" \/>\n<meta property=\"article:modified_time\" content=\"2026-03-08T22:36:39+00:00\" \/>\n<meta property=\"og:image\" content=\"https:\/\/hali-studio.pt\/wp-content\/uploads\/2023\/03\/DSC0229-scaled.jpg\" \/>\n\t<meta property=\"og:image:width\" content=\"1707\" \/>\n\t<meta property=\"og:image:height\" content=\"2560\" \/>\n\t<meta property=\"og:image:type\" content=\"image\/jpeg\" \/>\n<meta name=\"twitter:card\" content=\"summary_large_image\" \/>\n<meta name=\"twitter:label1\" content=\"Tempo estimado de leitura\" \/>\n\t<meta name=\"twitter:data1\" content=\"1 minuto\" \/>\n<script type=\"application\/ld+json\" class=\"yoast-schema-graph\">{\"@context\":\"https:\/\/schema.org\",\"@graph\":[{\"@type\":\"WebPage\",\"@id\":\"https:\/\/hali-studio.pt\/product\/uraqi-blazer\/\",\"url\":\"https:\/\/hali-studio.pt\/product\/uraqi-blazer\/\",\"name\":\"Uraqi Blazer - Hali Studio - ethical and sustainable fashion\",\"isPartOf\":{\"@id\":\"https:\/\/hali-studio.pt\/#website\"},\"primaryImageOfPage\":{\"@id\":\"https:\/\/hali-studio.pt\/product\/uraqi-blazer\/#primaryimage\"},\"image\":{\"@id\":\"https:\/\/hali-studio.pt\/product\/uraqi-blazer\/#primaryimage\"},\"thumbnailUrl\":\"https:\/\/hali-studio.pt\/wp-content\/uploads\/2023\/03\/DSC0229-scaled.jpg\",\"datePublished\":\"2023-03-22T00:03:52+00:00\",\"dateModified\":\"2026-03-08T22:36:39+00:00\",\"description\":\"Uraqi Blazer is a oversized white linen blazer with organic cotton lining and two pockets. Find more about our sustainable fashion options.\",\"breadcrumb\":{\"@id\":\"https:\/\/hali-studio.pt\/product\/uraqi-blazer\/#breadcrumb\"},\"inLanguage\":\"pt-PT\",\"potentialAction\":[{\"@type\":\"ReadAction\",\"target\":[\"https:\/\/hali-studio.pt\/product\/uraqi-blazer\/\"]}]},{\"@type\":\"ImageObject\",\"inLanguage\":\"pt-PT\",\"@id\":\"https:\/\/hali-studio.pt\/product\/uraqi-blazer\/#primaryimage\",\"url\":\"https:\/\/hali-studio.pt\/wp-content\/uploads\/2023\/03\/DSC0229-scaled.jpg\",\"contentUrl\":\"https:\/\/hali-studio.pt\/wp-content\/uploads\/2023\/03\/DSC0229-scaled.jpg\",\"width\":1707,\"height\":2560,\"caption\":\"Uraqi Blazer\"},{\"@type\":\"BreadcrumbList\",\"@id\":\"https:\/\/hali-studio.pt\/product\/uraqi-blazer\/#breadcrumb\",\"itemListElement\":[{\"@type\":\"ListItem\",\"position\":1,\"name\":\"Home\",\"item\":\"https:\/\/hali-studio.pt\/\"},{\"@type\":\"ListItem\",\"position\":2,\"name\":\"Shop\",\"item\":\"https:\/\/hali-studio.pt\/shop\/\"},{\"@type\":\"ListItem\",\"position\":3,\"name\":\"Uraqi Blazer\"}]},{\"@type\":\"WebSite\",\"@id\":\"https:\/\/hali-studio.pt\/#website\",\"url\":\"https:\/\/hali-studio.pt\/\",\"name\":\"Hali Studio\",\"description\":\"ethical and sustainable fashion\",\"publisher\":{\"@id\":\"https:\/\/hali-studio.pt\/#organization\"},\"alternateName\":\"hali\",\"potentialAction\":[{\"@type\":\"SearchAction\",\"target\":{\"@type\":\"EntryPoint\",\"urlTemplate\":\"https:\/\/hali-studio.pt\/?s={search_term_string}\"},\"query-input\":{\"@type\":\"PropertyValueSpecification\",\"valueRequired\":true,\"valueName\":\"search_term_string\"}}],\"inLanguage\":\"pt-PT\"},{\"@type\":\"Organization\",\"@id\":\"https:\/\/hali-studio.pt\/#organization\",\"name\":\"Hali Studio\",\"alternateName\":\"hali\",\"url\":\"https:\/\/hali-studio.pt\/\",\"logo\":{\"@type\":\"ImageObject\",\"inLanguage\":\"pt-PT\",\"@id\":\"https:\/\/hali-studio.pt\/#\/schema\/logo\/image\/\",\"url\":\"https:\/\/hali-studio.pt\/wp-content\/uploads\/2022\/10\/Logo.png\",\"contentUrl\":\"https:\/\/hali-studio.pt\/wp-content\/uploads\/2022\/10\/Logo.png\",\"width\":835,\"height\":409,\"caption\":\"Hali Studio\"},\"image\":{\"@id\":\"https:\/\/hali-studio.pt\/#\/schema\/logo\/image\/\"},\"sameAs\":[\"https:\/\/www.facebook.com\/halistudio.pt\/\",\"https:\/\/www.instagram.com\/halistudio.pt\/\"]}]}<\/script>\n<!-- \/ Yoast SEO plugin. -->","yoast_head_json":{"title":"Uraqi Blazer - Hali Studio - ethical and sustainable fashion","description":"Uraqi Blazer is a oversized white linen blazer with organic cotton lining and two pockets. Find more about our sustainable fashion options.","robots":{"index":"index","follow":"follow","max-snippet":"max-snippet:-1","max-image-preview":"max-image-preview:large","max-video-preview":"max-video-preview:-1"},"canonical":"https:\/\/hali-studio.pt\/pt\/produto\/uraqi-blazer\/","og_locale":"pt_PT","og_type":"article","og_title":"Uraqi Blazer - Hali Studio - ethical and sustainable fashion","og_description":"Uraqi Blazer is a oversized white linen blazer with organic cotton lining and two pockets. Find more about our sustainable fashion options.","og_url":"https:\/\/hali-studio.pt\/pt\/produto\/uraqi-blazer\/","og_site_name":"Hali Studio - ethical and sustainable fashion","article_publisher":"https:\/\/www.facebook.com\/halistudio.pt\/","article_modified_time":"2026-03-08T22:36:39+00:00","og_image":[{"width":1707,"height":2560,"url":"https:\/\/hali-studio.pt\/wp-content\/uploads\/2023\/03\/DSC0229-scaled.jpg","type":"image\/jpeg"}],"twitter_card":"summary_large_image","twitter_misc":{"Tempo estimado de leitura":"1 minuto"},"schema":{"@context":"https:\/\/schema.org","@graph":[{"@type":"WebPage","@id":"https:\/\/hali-studio.pt\/product\/uraqi-blazer\/","url":"https:\/\/hali-studio.pt\/product\/uraqi-blazer\/","name":"Uraqi Blazer - Hali Studio - ethical and sustainable fashion","isPartOf":{"@id":"https:\/\/hali-studio.pt\/#website"},"primaryImageOfPage":{"@id":"https:\/\/hali-studio.pt\/product\/uraqi-blazer\/#primaryimage"},"image":{"@id":"https:\/\/hali-studio.pt\/product\/uraqi-blazer\/#primaryimage"},"thumbnailUrl":"https:\/\/hali-studio.pt\/wp-content\/uploads\/2023\/03\/DSC0229-scaled.jpg","datePublished":"2023-03-22T00:03:52+00:00","dateModified":"2026-03-08T22:36:39+00:00","description":"Uraqi Blazer is a oversized white linen blazer with organic cotton lining and two pockets. Find more about our sustainable fashion options.","breadcrumb":{"@id":"https:\/\/hali-studio.pt\/product\/uraqi-blazer\/#breadcrumb"},"inLanguage":"pt-PT","potentialAction":[{"@type":"ReadAction","target":["https:\/\/hali-studio.pt\/product\/uraqi-blazer\/"]}]},{"@type":"ImageObject","inLanguage":"pt-PT","@id":"https:\/\/hali-studio.pt\/product\/uraqi-blazer\/#primaryimage","url":"https:\/\/hali-studio.pt\/wp-content\/uploads\/2023\/03\/DSC0229-scaled.jpg","contentUrl":"https:\/\/hali-studio.pt\/wp-content\/uploads\/2023\/03\/DSC0229-scaled.jpg","width":1707,"height":2560,"caption":"Uraqi Blazer"},{"@type":"BreadcrumbList","@id":"https:\/\/hali-studio.pt\/product\/uraqi-blazer\/#breadcrumb","itemListElement":[{"@type":"ListItem","position":1,"name":"Home","item":"https:\/\/hali-studio.pt\/"},{"@type":"ListItem","position":2,"name":"Shop","item":"https:\/\/hali-studio.pt\/shop\/"},{"@type":"ListItem","position":3,"name":"Uraqi Blazer"}]},{"@type":"WebSite","@id":"https:\/\/hali-studio.pt\/#website","url":"https:\/\/hali-studio.pt\/","name":"Hali Studio","description":"ethical and sustainable fashion","publisher":{"@id":"https:\/\/hali-studio.pt\/#organization"},"alternateName":"hali","potentialAction":[{"@type":"SearchAction","target":{"@type":"EntryPoint","urlTemplate":"https:\/\/hali-studio.pt\/?s={search_term_string}"},"query-input":{"@type":"PropertyValueSpecification","valueRequired":true,"valueName":"search_term_string"}}],"inLanguage":"pt-PT"},{"@type":"Organization","@id":"https:\/\/hali-studio.pt\/#organization","name":"Hali Studio","alternateName":"hali","url":"https:\/\/hali-studio.pt\/","logo":{"@type":"ImageObject","inLanguage":"pt-PT","@id":"https:\/\/hali-studio.pt\/#\/schema\/logo\/image\/","url":"https:\/\/hali-studio.pt\/wp-content\/uploads\/2022\/10\/Logo.png","contentUrl":"https:\/\/hali-studio.pt\/wp-content\/uploads\/2022\/10\/Logo.png","width":835,"height":409,"caption":"Hali Studio"},"image":{"@id":"https:\/\/hali-studio.pt\/#\/schema\/logo\/image\/"},"sameAs":["https:\/\/www.facebook.com\/halistudio.pt\/","https:\/\/www.instagram.com\/halistudio.pt\/"]}]}},"jetpack_sharing_enabled":true,"_links":{"self":[{"href":"https:\/\/hali-studio.pt\/pt\/wp-json\/wp\/v2\/product\/2628","targetHints":{"allow":["GET"]}}],"collection":[{"href":"https:\/\/hali-studio.pt\/pt\/wp-json\/wp\/v2\/product"}],"about":[{"href":"https:\/\/hali-studio.pt\/pt\/wp-json\/wp\/v2\/types\/product"}],"wp:featuredmedia":[{"embeddable":true,"href":"https:\/\/hali-studio.pt\/pt\/wp-json\/wp\/v2\/media\/2647"}],"wp:attachment":[{"href":"https:\/\/hali-studio.pt\/pt\/wp-json\/wp\/v2\/media?parent=2628"}],"wp:term":[{"taxonomy":"product_brand","embeddable":true,"href":"https:\/\/hali-studio.pt\/pt\/wp-json\/wp\/v2\/product_brand?post=2628"},{"taxonomy":"product_cat","embeddable":true,"href":"https:\/\/hali-studio.pt\/pt\/wp-json\/wp\/v2\/product_cat?post=2628"},{"taxonomy":"product_tag","embeddable":true,"href":"https:\/\/hali-studio.pt\/pt\/wp-json\/wp\/v2\/product_tag?post=2628"}],"curies":[{"name":"wp","href":"https:\/\/api.w.org\/{rel}","templated":true}]}}